{"id":60,"date":"2016-12-12T17:32:26","date_gmt":"2016-12-12T16:32:26","guid":{"rendered":"http:\/\/www.lafraternelle.info\/Site\/?page_id=60"},"modified":"2024-11-13T07:50:28","modified_gmt":"2024-11-13T06:50:28","slug":"nos-activites","status":"publish","type":"page","link":"https:\/\/www.lafraternelle.info\/Site\/nos-activites\/","title":{"rendered":"Nos activit\u00e9s"},"content":{"rendered":"\t\t<div data-elementor-type=\"wp-page\" data-elementor-id=\"60\" class=\"elementor elementor-60\">\n\t\t\t\t<div class=\"elementor-element elementor-element-1314944 e-flex e-con-boxed e-con e-parent\" data-id=\"1314944\" data-element_type=\"container\" data-e-type=\"container\">\n\t\t\t\t\t<div class=\"e-con-inner\">\n\t\t\t\t<div class=\"elementor-element elementor-element-6333175 elementor-widget elementor-widget-text-editor\" data-id=\"6333175\" data-element_type=\"widget\" data-e-type=\"widget\" data-widget_type=\"text-editor.default\">\n\t\t\t\t<div class=\"elementor-widget-container\">\n\t\t\t\t\t\t\t\t\t<p>Une \u00e9cole pas comme les autres&#8230;<br \/>Il n&rsquo;y a pas d&rsquo;\u00e2ge pour d\u00e9couvrir le fabuleux monde aquatique qui nous entoure, enfants et adultes vous \u00eates les bienvenus!<br \/>Nous vous accueillons tous les mardis \u00e0 <span style=\"color: #3da834;\"><strong>18h00-19h30<\/strong><\/span> <span data-olk-copy-source=\"MessageBody\">au fond du parking salle Blondin au 88 b route du Benelux \u00e0 Soetrich.<\/span><br \/>A partir du mois d&rsquo;avril, place \u00e0 l&rsquo;initiation au bord de l&rsquo;eau les samedis apr\u00e8s-midi.<\/p>\t\t\t\t\t\t\t\t<\/div>\n\t\t\t\t<\/div>\n\t\t\t\t\t<\/div>\n\t\t\t\t<\/div>\n\t\t<div class=\"elementor-element elementor-element-4d48a89 e-flex e-con-boxed e-con e-parent\" data-id=\"4d48a89\" data-element_type=\"container\" data-e-type=\"container\">\n\t\t\t\t\t<div class=\"e-con-inner\">\n\t\t<div class=\"elementor-element elementor-element-4292d2d e-con-full e-flex e-con e-child\" data-id=\"4292d2d\" data-element_type=\"container\" data-e-type=\"container\">\n\t\t\t\t<div class=\"elementor-element elementor-element-c22bead elementor-widget elementor-widget-image\" data-id=\"c22bead\" data-element_type=\"widget\" data-e-type=\"widget\" data-widget_type=\"image.default\">\n\t\t\t\t<div class=\"elementor-widget-container\">\n\t\t\t\t\t\t\t\t\t\t\t\t\t\t\t\t<a href=\"https:\/\/i0.wp.com\/www.lafraternelle.info\/Site\/wp-content\/uploads\/2016\/12\/Image33.jpg\" data-elementor-open-lightbox=\"yes\" data-elementor-lightbox-title=\"Image33\" data-e-action-hash=\"#elementor-action%3Aaction%3Dlightbox%26settings%3DeyJpZCI6MzE1LCJ1cmwiOiJodHRwOlwvXC93d3cubGFmcmF0ZXJuZWxsZS5pbmZvXC9TaXRlXC93cC1jb250ZW50XC91cGxvYWRzXC8yMDE2XC8xMlwvSW1hZ2UzMy5qcGcifQ%3D%3D\">\n\t\t\t\t\t\t\t<img fetchpriority=\"high\" decoding=\"async\" data-attachment-id=\"315\" data-permalink=\"https:\/\/www.lafraternelle.info\/Site\/nos-activites\/image33\/\" data-orig-file=\"https:\/\/i0.wp.com\/www.lafraternelle.info\/Site\/wp-content\/uploads\/2016\/12\/Image33.jpg?fit=3104%2C1746&amp;ssl=1\" data-orig-size=\"3104,1746\" data-comments-opened=\"0\" data-image-meta=\"{&quot;aperture&quot;:&quot;0&quot;,&quot;credit&quot;:&quot;&quot;,&quot;camera&quot;:&quot;&quot;,&quot;caption&quot;:&quot;&quot;,&quot;created_timestamp&quot;:&quot;0&quot;,&quot;copyright&quot;:&quot;&quot;,&quot;focal_length&quot;:&quot;0&quot;,&quot;iso&quot;:&quot;0&quot;,&quot;shutter_speed&quot;:&quot;0&quot;,&quot;title&quot;:&quot;&quot;,&quot;orientation&quot;:&quot;0&quot;}\" data-image-title=\"Image33\" data-image-description=\"\" data-image-caption=\"\" data-large-file=\"https:\/\/i0.wp.com\/www.lafraternelle.info\/Site\/wp-content\/uploads\/2016\/12\/Image33.jpg?fit=1024%2C576&amp;ssl=1\" width=\"1024\" height=\"576\" src=\"https:\/\/i0.wp.com\/www.lafraternelle.info\/Site\/wp-content\/uploads\/2016\/12\/Image33.jpg?fit=1024%2C576\" class=\"attachment-large size-large wp-image-315\" alt=\"Ecole\" srcset=\"https:\/\/i0.wp.com\/www.lafraternelle.info\/Site\/wp-content\/uploads\/2016\/12\/Image33.jpg?w=3104 3104w, https:\/\/i0.wp.com\/www.lafraternelle.info\/Site\/wp-content\/uploads\/2016\/12\/Image33.jpg?resize=300%2C169 300w, https:\/\/i0.wp.com\/www.lafraternelle.info\/Site\/wp-content\/uploads\/2016\/12\/Image33.jpg?resize=768%2C432 768w, https:\/\/i0.wp.com\/www.lafraternelle.info\/Site\/wp-content\/uploads\/2016\/12\/Image33.jpg?resize=1024%2C576 1024w, https:\/\/i0.wp.com\/www.lafraternelle.info\/Site\/wp-content\/uploads\/2016\/12\/Image33.jpg?w=2400 2400w\" sizes=\"(max-width: 1024px) 100vw, 1024px\" data-attachment-id=\"315\" data-permalink=\"http:\/\/www.lafraternelle.info\/Site\/nos-activites\/image33\/\" data-orig-file=\"https:\/\/i0.wp.com\/www.lafraternelle.info\/Site\/wp-content\/uploads\/2016\/12\/Image33.jpg?fit=3104%2C1746\" data-orig-size=\"3104,1746\" data-comments-opened=\"0\" data-image-meta=\"{&quot;aperture&quot;:&quot;0&quot;,&quot;credit&quot;:&quot;&quot;,&quot;camera&quot;:&quot;&quot;,&quot;caption&quot;:&quot;&quot;,&quot;created_timestamp&quot;:&quot;0&quot;,&quot;copyright&quot;:&quot;&quot;,&quot;focal_length&quot;:&quot;0&quot;,&quot;iso&quot;:&quot;0&quot;,&quot;shutter_speed&quot;:&quot;0&quot;,&quot;title&quot;:&quot;&quot;,&quot;orientation&quot;:&quot;0&quot;}\" data-image-title=\"Image33\" data-image-description=\"\" data-image-caption=\"\" data-large-file=\"https:\/\/i0.wp.com\/www.lafraternelle.info\/Site\/wp-content\/uploads\/2016\/12\/Image33.jpg?fit=1024%2C576\" \/>\t\t\t\t\t\t\t\t<\/a>\n\t\t\t\t\t\t\t\t\t\t\t\t\t\t\t<\/div>\n\t\t\t\t<\/div>\n\t\t\t\t<\/div>\n\t\t<div class=\"elementor-element elementor-element-7cdc1ae e-con-full e-flex e-con e-child\" data-id=\"7cdc1ae\" data-element_type=\"container\" data-e-type=\"container\">\n\t\t\t\t<div class=\"elementor-element elementor-element-5538bf9 elementor-widget elementor-widget-image\" data-id=\"5538bf9\" data-element_type=\"widget\" data-e-type=\"widget\" data-widget_type=\"image.default\">\n\t\t\t\t<div class=\"elementor-widget-container\">\n\t\t\t\t\t\t\t\t\t\t\t\t\t\t\t\t<a href=\"https:\/\/i0.wp.com\/www.lafraternelle.info\/Site\/wp-content\/uploads\/2016\/12\/Image31.jpg\" data-elementor-open-lightbox=\"yes\" data-elementor-lightbox-title=\"Image31\" data-e-action-hash=\"#elementor-action%3Aaction%3Dlightbox%26settings%3DeyJpZCI6MzEzLCJ1cmwiOiJodHRwOlwvXC93d3cubGFmcmF0ZXJuZWxsZS5pbmZvXC9TaXRlXC93cC1jb250ZW50XC91cGxvYWRzXC8yMDE2XC8xMlwvSW1hZ2UzMS5qcGcifQ%3D%3D\">\n\t\t\t\t\t\t\t<img decoding=\"async\" data-attachment-id=\"313\" data-permalink=\"https:\/\/www.lafraternelle.info\/Site\/nos-activites\/image31\/\" data-orig-file=\"https:\/\/i0.wp.com\/www.lafraternelle.info\/Site\/wp-content\/uploads\/2016\/12\/Image31.jpg?fit=3104%2C1746&amp;ssl=1\" data-orig-size=\"3104,1746\" data-comments-opened=\"0\" data-image-meta=\"{&quot;aperture&quot;:&quot;0&quot;,&quot;credit&quot;:&quot;&quot;,&quot;camera&quot;:&quot;&quot;,&quot;caption&quot;:&quot;&quot;,&quot;created_timestamp&quot;:&quot;0&quot;,&quot;copyright&quot;:&quot;&quot;,&quot;focal_length&quot;:&quot;0&quot;,&quot;iso&quot;:&quot;0&quot;,&quot;shutter_speed&quot;:&quot;0&quot;,&quot;title&quot;:&quot;&quot;,&quot;orientation&quot;:&quot;0&quot;}\" data-image-title=\"Image31\" data-image-description=\"\" data-image-caption=\"\" data-large-file=\"https:\/\/i0.wp.com\/www.lafraternelle.info\/Site\/wp-content\/uploads\/2016\/12\/Image31.jpg?fit=1024%2C576&amp;ssl=1\" width=\"1024\" height=\"576\" src=\"https:\/\/i0.wp.com\/www.lafraternelle.info\/Site\/wp-content\/uploads\/2016\/12\/Image31.jpg?fit=1024%2C576\" class=\"attachment-large size-large wp-image-313\" alt=\"Ecole\" srcset=\"https:\/\/i0.wp.com\/www.lafraternelle.info\/Site\/wp-content\/uploads\/2016\/12\/Image31.jpg?w=3104 3104w, https:\/\/i0.wp.com\/www.lafraternelle.info\/Site\/wp-content\/uploads\/2016\/12\/Image31.jpg?resize=300%2C169 300w, https:\/\/i0.wp.com\/www.lafraternelle.info\/Site\/wp-content\/uploads\/2016\/12\/Image31.jpg?resize=768%2C432 768w, https:\/\/i0.wp.com\/www.lafraternelle.info\/Site\/wp-content\/uploads\/2016\/12\/Image31.jpg?resize=1024%2C576 1024w, https:\/\/i0.wp.com\/www.lafraternelle.info\/Site\/wp-content\/uploads\/2016\/12\/Image31.jpg?w=2400 2400w\" sizes=\"(max-width: 1024px) 100vw, 1024px\" data-attachment-id=\"313\" data-permalink=\"http:\/\/www.lafraternelle.info\/Site\/nos-activites\/image31\/\" data-orig-file=\"https:\/\/i0.wp.com\/www.lafraternelle.info\/Site\/wp-content\/uploads\/2016\/12\/Image31.jpg?fit=3104%2C1746\" data-orig-size=\"3104,1746\" data-comments-opened=\"0\" data-image-meta=\"{&quot;aperture&quot;:&quot;0&quot;,&quot;credit&quot;:&quot;&quot;,&quot;camera&quot;:&quot;&quot;,&quot;caption&quot;:&quot;&quot;,&quot;created_timestamp&quot;:&quot;0&quot;,&quot;copyright&quot;:&quot;&quot;,&quot;focal_length&quot;:&quot;0&quot;,&quot;iso&quot;:&quot;0&quot;,&quot;shutter_speed&quot;:&quot;0&quot;,&quot;title&quot;:&quot;&quot;,&quot;orientation&quot;:&quot;0&quot;}\" data-image-title=\"Image31\" data-image-description=\"\" data-image-caption=\"\" data-large-file=\"https:\/\/i0.wp.com\/www.lafraternelle.info\/Site\/wp-content\/uploads\/2016\/12\/Image31.jpg?fit=1024%2C576\" \/>\t\t\t\t\t\t\t\t<\/a>\n\t\t\t\t\t\t\t\t\t\t\t\t\t\t\t<\/div>\n\t\t\t\t<\/div>\n\t\t\t\t<\/div>\n\t\t\t\t\t<\/div>\n\t\t\t\t<\/div>\n\t\t<div class=\"elementor-element elementor-element-f77655a e-flex e-con-boxed e-con e-parent\" data-id=\"f77655a\" data-element_type=\"container\" data-e-type=\"container\">\n\t\t\t\t\t<div class=\"e-con-inner\">\n\t\t\t\t<div class=\"elementor-element elementor-element-2bcea2d elementor-widget elementor-widget-text-editor\" data-id=\"2bcea2d\" data-element_type=\"widget\" data-e-type=\"widget\" data-widget_type=\"text-editor.default\">\n\t\t\t\t<div class=\"elementor-widget-container\">\n\t\t\t\t\t\t\t\t\t<p>Contact:<br \/><span style=\"color: #3da834;\"><strong>Gabriel DECET<\/strong><\/span> t\u00e9l. : 06 68 94 89 02 <br \/><span style=\"color: #3da834;\"><strong>Guy HEMMER<\/strong><\/span> t\u00e9l. : 06 80 15 94 24<br \/>eMail: <strong><span style=\"color: #3da834;\"><a style=\"color: #3da834;\" href=\"mailto:ecole@lafraternelle.info\">ecole@lafraternelle.info<\/a><\/span><\/strong><\/p><p>Retrouvez-nous sur notre<span style=\"color: #0000ff;\"><strong><a style=\"color: #0000ff;\" href=\"https:\/\/www.facebook.com\/profile.php?id=100014071068599&amp;fref=ts\"> compte Facebook<\/a><\/strong><\/span><\/p>\t\t\t\t\t\t\t\t<\/div>\n\t\t\t\t<\/div>\n\t\t\t\t\t<\/div>\n\t\t\t\t<\/div>\n\t\t<div class=\"elementor-element elementor-element-b72e247 e-flex e-con-boxed e-con e-parent\" data-id=\"b72e247\" data-element_type=\"container\" data-e-type=\"container\">\n\t\t\t\t\t<div class=\"e-con-inner\">\n\t\t\t\t<div class=\"elementor-element elementor-element-c7759ff elementor-widget elementor-widget-image\" data-id=\"c7759ff\" data-element_type=\"widget\" data-e-type=\"widget\" data-widget_type=\"image.default\">\n\t\t\t\t<div class=\"elementor-widget-container\">\n\t\t\t\t\t\t\t\t\t\t\t\t\t\t\t\t<a href=\"https:\/\/i0.wp.com\/www.lafraternelle.info\/Site\/wp-content\/uploads\/2016\/12\/Image32.jpg\" data-elementor-open-lightbox=\"yes\" data-elementor-lightbox-title=\"Image32\" data-e-action-hash=\"#elementor-action%3Aaction%3Dlightbox%26settings%3DeyJpZCI6MzE0LCJ1cmwiOiJodHRwOlwvXC93d3cubGFmcmF0ZXJuZWxsZS5pbmZvXC9TaXRlXC93cC1jb250ZW50XC91cGxvYWRzXC8yMDE2XC8xMlwvSW1hZ2UzMi5qcGcifQ%3D%3D\">\n\t\t\t\t\t\t\t<img decoding=\"async\" data-attachment-id=\"314\" data-permalink=\"https:\/\/www.lafraternelle.info\/Site\/nos-activites\/image32\/\" data-orig-file=\"https:\/\/i0.wp.com\/www.lafraternelle.info\/Site\/wp-content\/uploads\/2016\/12\/Image32.jpg?fit=3104%2C1746&amp;ssl=1\" data-orig-size=\"3104,1746\" data-comments-opened=\"0\" data-image-meta=\"{&quot;aperture&quot;:&quot;0&quot;,&quot;credit&quot;:&quot;&quot;,&quot;camera&quot;:&quot;&quot;,&quot;caption&quot;:&quot;&quot;,&quot;created_timestamp&quot;:&quot;0&quot;,&quot;copyright&quot;:&quot;&quot;,&quot;focal_length&quot;:&quot;0&quot;,&quot;iso&quot;:&quot;0&quot;,&quot;shutter_speed&quot;:&quot;0&quot;,&quot;title&quot;:&quot;&quot;,&quot;orientation&quot;:&quot;0&quot;}\" data-image-title=\"Image32\" data-image-description=\"\" data-image-caption=\"\" data-large-file=\"https:\/\/i0.wp.com\/www.lafraternelle.info\/Site\/wp-content\/uploads\/2016\/12\/Image32.jpg?fit=1024%2C576&amp;ssl=1\" width=\"1024\" height=\"576\" src=\"https:\/\/i0.wp.com\/www.lafraternelle.info\/Site\/wp-content\/uploads\/2016\/12\/Image32.jpg?fit=1024%2C576\" class=\"attachment-large size-large wp-image-314\" alt=\"Ecole\" srcset=\"https:\/\/i0.wp.com\/www.lafraternelle.info\/Site\/wp-content\/uploads\/2016\/12\/Image32.jpg?w=3104 3104w, https:\/\/i0.wp.com\/www.lafraternelle.info\/Site\/wp-content\/uploads\/2016\/12\/Image32.jpg?resize=300%2C169 300w, https:\/\/i0.wp.com\/www.lafraternelle.info\/Site\/wp-content\/uploads\/2016\/12\/Image32.jpg?resize=768%2C432 768w, https:\/\/i0.wp.com\/www.lafraternelle.info\/Site\/wp-content\/uploads\/2016\/12\/Image32.jpg?resize=1024%2C576 1024w, https:\/\/i0.wp.com\/www.lafraternelle.info\/Site\/wp-content\/uploads\/2016\/12\/Image32.jpg?w=2400 2400w\" sizes=\"(max-width: 1024px) 100vw, 1024px\" data-attachment-id=\"314\" data-permalink=\"http:\/\/www.lafraternelle.info\/Site\/nos-activites\/image32\/\" data-orig-file=\"https:\/\/i0.wp.com\/www.lafraternelle.info\/Site\/wp-content\/uploads\/2016\/12\/Image32.jpg?fit=3104%2C1746\" data-orig-size=\"3104,1746\" data-comments-opened=\"0\" data-image-meta=\"{&quot;aperture&quot;:&quot;0&quot;,&quot;credit&quot;:&quot;&quot;,&quot;camera&quot;:&quot;&quot;,&quot;caption&quot;:&quot;&quot;,&quot;created_timestamp&quot;:&quot;0&quot;,&quot;copyright&quot;:&quot;&quot;,&quot;focal_length&quot;:&quot;0&quot;,&quot;iso&quot;:&quot;0&quot;,&quot;shutter_speed&quot;:&quot;0&quot;,&quot;title&quot;:&quot;&quot;,&quot;orientation&quot;:&quot;0&quot;}\" data-image-title=\"Image32\" data-image-description=\"\" data-image-caption=\"\" data-large-file=\"https:\/\/i0.wp.com\/www.lafraternelle.info\/Site\/wp-content\/uploads\/2016\/12\/Image32.jpg?fit=1024%2C576\" \/>\t\t\t\t\t\t\t\t<\/a>\n\t\t\t\t\t\t\t\t\t\t\t\t\t\t\t<\/div>\n\t\t\t\t<\/div>\n\t\t\t\t\t<\/div>\n\t\t\t\t<\/div>\n\t\t<div class=\"elementor-element elementor-element-f32c64c e-flex e-con-boxed e-con e-parent\" data-id=\"f32c64c\" data-element_type=\"container\" data-e-type=\"container\">\n\t\t\t\t\t<div class=\"e-con-inner\">\n\t\t\t\t<div class=\"elementor-element elementor-element-1285624 elementor-widget elementor-widget-text-editor\" data-id=\"1285624\" data-element_type=\"widget\" data-e-type=\"widget\" data-widget_type=\"text-editor.default\">\n\t\t\t\t<div class=\"elementor-widget-container\">\n\t\t\t\t\t\t\t\t\t<p>L&rsquo;encadrement est assur\u00e9 par une \u00e9quipe de p\u00eacheurs confirm\u00e9s.<br \/>C&rsquo;est la passion de transmettre leur connaissance du milieu aquatique \u00e0 vos enfants qui les animent depuis de longues ann\u00e9es.<\/p><p>La charte des Ateliers P\u00eache et Nature r\u00e9git le fonctionnement de activit\u00e9s. Elle est consultable<strong><span style=\"color: #3da834;\"><a style=\"color: #3da834;\" href=\"http:\/\/www.lafraternelle.info\/Site\/CHARTE_DE_SECURITE.pdf\">\u00a0ici.<\/a><\/span><\/strong><\/p>\t\t\t\t\t\t\t\t<\/div>\n\t\t\t\t<\/div>\n\t\t\t\t\t<\/div>\n\t\t\t\t<\/div>\n\t\t<div class=\"elementor-element elementor-element-520aeb2 e-flex e-con-boxed e-con e-parent\" data-id=\"520aeb2\" data-element_type=\"container\" data-e-type=\"container\">\n\t\t\t\t\t<div class=\"e-con-inner\">\n\t\t\t\t<div class=\"elementor-element elementor-element-29466b2 elementor-widget elementor-widget-image\" data-id=\"29466b2\" data-element_type=\"widget\" data-e-type=\"widget\" data-widget_type=\"image.default\">\n\t\t\t\t<div class=\"elementor-widget-container\">\n\t\t\t\t\t\t\t\t\t\t\t\t\t\t\t\t<a href=\"https:\/\/i0.wp.com\/www.lafraternelle.info\/Site\/wp-content\/uploads\/2016\/12\/Image37.png\" data-elementor-open-lightbox=\"yes\" data-elementor-lightbox-title=\"Image37\" data-e-action-hash=\"#elementor-action%3Aaction%3Dlightbox%26settings%3DeyJpZCI6MzE3LCJ1cmwiOiJodHRwOlwvXC93d3cubGFmcmF0ZXJuZWxsZS5pbmZvXC9TaXRlXC93cC1jb250ZW50XC91cGxvYWRzXC8yMDE2XC8xMlwvSW1hZ2UzNy5wbmcifQ%3D%3D\">\n\t\t\t\t\t\t\t<img loading=\"lazy\" decoding=\"async\" data-attachment-id=\"317\" data-permalink=\"https:\/\/www.lafraternelle.info\/Site\/nos-activites\/image37\/\" data-orig-file=\"https:\/\/i0.wp.com\/www.lafraternelle.info\/Site\/wp-content\/uploads\/2016\/12\/Image37.png?fit=644%2C281&amp;ssl=1\" data-orig-size=\"644,281\" data-comments-opened=\"0\" data-image-meta=\"{&quot;aperture&quot;:&quot;0&quot;,&quot;credit&quot;:&quot;&quot;,&quot;camera&quot;:&quot;&quot;,&quot;caption&quot;:&quot;&quot;,&quot;created_timestamp&quot;:&quot;0&quot;,&quot;copyright&quot;:&quot;&quot;,&quot;focal_length&quot;:&quot;0&quot;,&quot;iso&quot;:&quot;0&quot;,&quot;shutter_speed&quot;:&quot;0&quot;,&quot;title&quot;:&quot;&quot;,&quot;orientation&quot;:&quot;0&quot;}\" data-image-title=\"Image37\" data-image-description=\"\" data-image-caption=\"\" data-large-file=\"https:\/\/i0.wp.com\/www.lafraternelle.info\/Site\/wp-content\/uploads\/2016\/12\/Image37.png?fit=644%2C281&amp;ssl=1\" width=\"644\" height=\"281\" src=\"https:\/\/i0.wp.com\/www.lafraternelle.info\/Site\/wp-content\/uploads\/2016\/12\/Image37.png?fit=644%2C281\" class=\"attachment-large size-large wp-image-317\" alt=\"Ecole\" srcset=\"https:\/\/i0.wp.com\/www.lafraternelle.info\/Site\/wp-content\/uploads\/2016\/12\/Image37.png?w=644 644w, https:\/\/i0.wp.com\/www.lafraternelle.info\/Site\/wp-content\/uploads\/2016\/12\/Image37.png?resize=300%2C131 300w\" sizes=\"(max-width: 644px) 100vw, 644px\" data-attachment-id=\"317\" data-permalink=\"http:\/\/www.lafraternelle.info\/Site\/nos-activites\/image37\/\" data-orig-file=\"https:\/\/i0.wp.com\/www.lafraternelle.info\/Site\/wp-content\/uploads\/2016\/12\/Image37.png?fit=644%2C281\" data-orig-size=\"644,281\" data-comments-opened=\"0\" data-image-meta=\"{&quot;aperture&quot;:&quot;0&quot;,&quot;credit&quot;:&quot;&quot;,&quot;camera&quot;:&quot;&quot;,&quot;caption&quot;:&quot;&quot;,&quot;created_timestamp&quot;:&quot;0&quot;,&quot;copyright&quot;:&quot;&quot;,&quot;focal_length&quot;:&quot;0&quot;,&quot;iso&quot;:&quot;0&quot;,&quot;shutter_speed&quot;:&quot;0&quot;,&quot;title&quot;:&quot;&quot;,&quot;orientation&quot;:&quot;0&quot;}\" data-image-title=\"Image37\" data-image-description=\"\" data-image-caption=\"\" data-large-file=\"https:\/\/i0.wp.com\/www.lafraternelle.info\/Site\/wp-content\/uploads\/2016\/12\/Image37.png?fit=644%2C281\" \/>\t\t\t\t\t\t\t\t<\/a>\n\t\t\t\t\t\t\t\t\t\t\t\t\t\t\t<\/div>\n\t\t\t\t<\/div>\n\t\t\t\t\t<\/div>\n\t\t\t\t<\/div>\n\t\t\t\t<\/div>\n\t\t","protected":false},"excerpt":{"rendered":"<p>Une \u00e9cole pas comme les autres&#8230;Il n&rsquo;y a pas d&rsquo;\u00e2ge pour d\u00e9couvrir le fabuleux monde aquatique qui nous entoure, enfants et adultes vous \u00eates les bienvenus!Nous vous accueillons tous les mardis \u00e0 18h00-19h30 au fond du parking salle Blondin au 88 b route du Benelux \u00e0 Soetrich.A partir du mois d&rsquo;avril, place \u00e0 l&rsquo;initiation au [&hellip;]<\/p>\n","protected":false},"author":1,"featured_media":0,"parent":0,"menu_order":0,"comment_status":"closed","ping_status":"closed","template":"","meta":{"_monsterinsights_skip_tracking":false,"_monsterinsights_sitenote_active":false,"_monsterinsights_sitenote_note":"","_monsterinsights_sitenote_category":0,"site-sidebar-layout":"default","site-content-layout":"","ast-site-content-layout":"default","site-content-style":"default","site-sidebar-style":"default","ast-global-header-display":"","ast-banner-title-visibility":"","ast-main-header-display":"","ast-hfb-above-header-display":"","ast-hfb-below-header-display":"","ast-hfb-mobile-header-display":"","site-post-title":"","ast-breadcrumbs-content":"","ast-featured-img":"","footer-sml-layout":"","ast-disable-related-posts":"","theme-transparent-header-meta":"","adv-header-id-meta":"","stick-header-meta":"","header-above-stick-meta":"","header-main-stick-meta":"","header-below-stick-meta":"","astra-migrate-meta-layouts":"default","ast-page-background-enabled":"default","ast-page-background-meta":{"desktop":{"background-color":"var(--ast-global-color-4)","background-image":"","background-repeat":"repeat","background-position":"center center","background-size":"auto","background-attachment":"scroll","background-type":"","background-media":"","overlay-type":"","overlay-color":"","overlay-opacity":"","overlay-gradient":""},"tablet":{"background-color":"","background-image":"","background-repeat":"repeat","background-position":"center center","background-size":"auto","background-attachment":"scroll","background-type":"","background-media":"","overlay-type":"","overlay-color":"","overlay-opacity":"","overlay-gradient":""},"mobile":{"background-color":"","background-image":"","background-repeat":"repeat","background-position":"center center","background-size":"auto","background-attachment":"scroll","background-type":"","background-media":"","overlay-type":"","overlay-color":"","overlay-opacity":"","overlay-gradient":""}},"ast-content-background-meta":{"desktop":{"background-color":"var(--ast-global-color-5)","background-image":"","background-repeat":"repeat","background-position":"center center","background-size":"auto","background-attachment":"scroll","background-type":"","background-media":"","overlay-type":"","overlay-color":"","overlay-opacity":"","overlay-gradient":""},"tablet":{"background-color":"var(--ast-global-color-5)","background-image":"","background-repeat":"repeat","background-position":"center center","background-size":"auto","background-attachment":"scroll","background-type":"","background-media":"","overlay-type":"","overlay-color":"","overlay-opacity":"","overlay-gradient":""},"mobile":{"background-color":"var(--ast-global-color-5)","background-image":"","background-repeat":"repeat","background-position":"center center","background-size":"auto","background-attachment":"scroll","background-type":"","background-media":"","overlay-type":"","overlay-color":"","overlay-opacity":"","overlay-gradient":""}},"jetpack_post_was_ever_published":false,"footnotes":""},"class_list":["post-60","page","type-page","status-publish","hentry"],"jetpack_sharing_enabled":true,"jetpack_shortlink":"https:\/\/wp.me\/P8cSoL-Y","jetpack-related-posts":[],"_links":{"self":[{"href":"https:\/\/www.lafraternelle.info\/Site\/wp-json\/wp\/v2\/pages\/60","targetHints":{"allow":["GET"]}}],"collection":[{"href":"https:\/\/www.lafraternelle.info\/Site\/wp-json\/wp\/v2\/pages"}],"about":[{"href":"https:\/\/www.lafraternelle.info\/Site\/wp-json\/wp\/v2\/types\/page"}],"author":[{"embeddable":true,"href":"https:\/\/www.lafraternelle.info\/Site\/wp-json\/wp\/v2\/users\/1"}],"replies":[{"embeddable":true,"href":"https:\/\/www.lafraternelle.info\/Site\/wp-json\/wp\/v2\/comments?post=60"}],"version-history":[{"count":19,"href":"https:\/\/www.lafraternelle.info\/Site\/wp-json\/wp\/v2\/pages\/60\/revisions"}],"predecessor-version":[{"id":2098,"href":"https:\/\/www.lafraternelle.info\/Site\/wp-json\/wp\/v2\/pages\/60\/revisions\/2098"}],"wp:attachment":[{"href":"https:\/\/www.lafraternelle.info\/Site\/wp-json\/wp\/v2\/media?parent=60"}],"curies":[{"name":"wp","href":"https:\/\/api.w.org\/{rel}","templated":true}]}}