{"id":45,"date":"2016-12-12T17:29:11","date_gmt":"2016-12-12T16:29:11","guid":{"rendered":"http:\/\/www.lafraternelle.info\/Site\/?page_id=45"},"modified":"2023-11-14T14:39:08","modified_gmt":"2023-11-14T13:39:08","slug":"la-kiesel","status":"publish","type":"page","link":"https:\/\/www.lafraternelle.info\/Site\/la-kiesel\/","title":{"rendered":"La Kiesel"},"content":{"rendered":"\t\t<div data-elementor-type=\"wp-page\" data-elementor-id=\"45\" class=\"elementor elementor-45\">\n\t\t\t\t<div class=\"elementor-element elementor-element-13202cc e-flex e-con-boxed e-con e-parent\" data-id=\"13202cc\" data-element_type=\"container\" data-e-type=\"container\">\n\t\t\t\t\t<div class=\"e-con-inner\">\n\t\t\t\t<div class=\"elementor-element elementor-element-6c3e94b elementor-widget elementor-widget-text-editor\" data-id=\"6c3e94b\" data-element_type=\"widget\" data-e-type=\"widget\" data-widget_type=\"text-editor.default\">\n\t\t\t\t<div class=\"elementor-widget-container\">\n\t\t\t\t\t\t\t\t\t<iframe src=\"https:\/\/www.google.com\/maps\/d\/embed?mid=1gCnxqJ9fMomfrz8FMrwlqpmKjzw&#038;ehbc=2E312F\" width=\"640\" height=\"480\"><\/iframe>\t\t\t\t\t\t\t\t<\/div>\n\t\t\t\t<\/div>\n\t\t\t\t\t<\/div>\n\t\t\t\t<\/div>\n\t\t<div class=\"elementor-element elementor-element-75473cfe e-flex e-con-boxed e-con e-parent\" data-id=\"75473cfe\" data-element_type=\"container\" data-e-type=\"container\">\n\t\t\t\t\t<div class=\"e-con-inner\">\n\t\t\t\t<div class=\"elementor-element elementor-element-7532c5d8 elementor-widget elementor-widget-text-editor\" data-id=\"7532c5d8\" data-element_type=\"widget\" data-e-type=\"widget\" data-widget_type=\"text-editor.default\">\n\t\t\t\t<div class=\"elementor-widget-container\">\n\t\t\t\t\t\t\t\t\t<p>Ce secteur de seconde cat\u00e9gorie abrite majoritairement une population de poissons blancs.<br \/>Les carnassiers sont plus rares mais restent pr\u00e9sents.<br \/>Les profils des fonds sont changeants. Quelques jolies vasques profondes s&rsquo;encha\u00eenent \u00e0 des zones de courants plus rapides en amont.<br \/>Sur le secteur aval, la Kiesel s&rsquo;\u00e9largit et le profil de fond devient plus r\u00e9gulier.<br \/>Chaque ann\u00e9e, un empoissonnement de 100 kg de jeunes poissons sont l\u00e2ch\u00e9s sur l&rsquo;ensemble de la zone.<br \/>Plaisir d&rsquo;un parcours avec une faible pression de p\u00eache!<\/p><p>La r\u00e9glementation du domaine public s&rsquo;applique \u00e0 ce parcours.<br \/><span style=\"color: #3da834;\"><strong>Respectez les propri\u00e9t\u00e9s priv\u00e9es aux abords.<\/strong><\/span><\/p>\t\t\t\t\t\t\t\t<\/div>\n\t\t\t\t<\/div>\n\t\t\t\t\t<\/div>\n\t\t\t\t<\/div>\n\t\t\t\t<\/div>\n\t\t","protected":false},"excerpt":{"rendered":"<p>Ce secteur de seconde cat\u00e9gorie abrite majoritairement une population de poissons blancs.Les carnassiers sont plus rares mais restent pr\u00e9sents.Les profils des fonds sont changeants. Quelques jolies vasques profondes s&rsquo;encha\u00eenent \u00e0 des zones de courants plus rapides en amont.Sur le secteur aval, la Kiesel s&rsquo;\u00e9largit et le profil de fond devient plus r\u00e9gulier.Chaque ann\u00e9e, un empoissonnement [&hellip;]<\/p>\n","protected":false},"author":1,"featured_media":0,"parent":0,"menu_order":0,"comment_status":"closed","ping_status":"closed","template":"","meta":{"_monsterinsights_skip_tracking":false,"_monsterinsights_sitenote_active":false,"_monsterinsights_sitenote_note":"","_monsterinsights_sitenote_category":0,"site-sidebar-layout":"default","site-content-layout":"","ast-site-content-layout":"default","site-content-style":"default","site-sidebar-style":"default","ast-global-header-display":"","ast-banner-title-visibility":"","ast-main-header-display":"","ast-hfb-above-header-display":"","ast-hfb-below-header-display":"","ast-hfb-mobile-header-display":"","site-post-title":"","ast-breadcrumbs-content":"","ast-featured-img":"","footer-sml-layout":"","ast-disable-related-posts":"","theme-transparent-header-meta":"","adv-header-id-meta":"","stick-header-meta":"","header-above-stick-meta":"","header-main-stick-meta":"","header-below-stick-meta":"","astra-migrate-meta-layouts":"default","ast-page-background-enabled":"default","ast-page-background-meta":{"desktop":{"background-color":"var(--ast-global-color-4)","background-image":"","background-repeat":"repeat","background-position":"center center","background-size":"auto","background-attachment":"scroll","background-type":"","background-media":"","overlay-type":"","overlay-color":"","overlay-opacity":"","overlay-gradient":""},"tablet":{"background-color":"","background-image":"","background-repeat":"repeat","background-position":"center center","background-size":"auto","background-attachment":"scroll","background-type":"","background-media":"","overlay-type":"","overlay-color":"","overlay-opacity":"","overlay-gradient":""},"mobile":{"background-color":"","background-image":"","background-repeat":"repeat","background-position":"center center","background-size":"auto","background-attachment":"scroll","background-type":"","background-media":"","overlay-type":"","overlay-color":"","overlay-opacity":"","overlay-gradient":""}},"ast-content-background-meta":{"desktop":{"background-color":"var(--ast-global-color-5)","background-image":"","background-repeat":"repeat","background-position":"center center","background-size":"auto","background-attachment":"scroll","background-type":"","background-media":"","overlay-type":"","overlay-color":"","overlay-opacity":"","overlay-gradient":""},"tablet":{"background-color":"var(--ast-global-color-5)","background-image":"","background-repeat":"repeat","background-position":"center center","background-size":"auto","background-attachment":"scroll","background-type":"","background-media":"","overlay-type":"","overlay-color":"","overlay-opacity":"","overlay-gradient":""},"mobile":{"background-color":"var(--ast-global-color-5)","background-image":"","background-repeat":"repeat","background-position":"center center","background-size":"auto","background-attachment":"scroll","background-type":"","background-media":"","overlay-type":"","overlay-color":"","overlay-opacity":"","overlay-gradient":""}},"jetpack_post_was_ever_published":false,"footnotes":""},"class_list":["post-45","page","type-page","status-publish","hentry"],"jetpack_sharing_enabled":true,"jetpack_shortlink":"https:\/\/wp.me\/P8cSoL-J","jetpack-related-posts":[],"_links":{"self":[{"href":"https:\/\/www.lafraternelle.info\/Site\/wp-json\/wp\/v2\/pages\/45","targetHints":{"allow":["GET"]}}],"collection":[{"href":"https:\/\/www.lafraternelle.info\/Site\/wp-json\/wp\/v2\/pages"}],"about":[{"href":"https:\/\/www.lafraternelle.info\/Site\/wp-json\/wp\/v2\/types\/page"}],"author":[{"embeddable":true,"href":"https:\/\/www.lafraternelle.info\/Site\/wp-json\/wp\/v2\/users\/1"}],"replies":[{"embeddable":true,"href":"https:\/\/www.lafraternelle.info\/Site\/wp-json\/wp\/v2\/comments?post=45"}],"version-history":[{"count":5,"href":"https:\/\/www.lafraternelle.info\/Site\/wp-json\/wp\/v2\/pages\/45\/revisions"}],"predecessor-version":[{"id":1393,"href":"https:\/\/www.lafraternelle.info\/Site\/wp-json\/wp\/v2\/pages\/45\/revisions\/1393"}],"wp:attachment":[{"href":"https:\/\/www.lafraternelle.info\/Site\/wp-json\/wp\/v2\/media?parent=45"}],"curies":[{"name":"wp","href":"https:\/\/api.w.org\/{rel}","templated":true}]}}