{"id":13,"date":"2016-12-12T17:18:56","date_gmt":"2016-12-12T16:18:56","guid":{"rendered":"http:\/\/www.lafraternelle.info\/Site\/?page_id=13"},"modified":"2023-11-16T13:55:57","modified_gmt":"2023-11-16T12:55:57","slug":"parcours-truite-1ere-categorie","status":"publish","type":"page","link":"https:\/\/www.lafraternelle.info\/Site\/parcours-truite-1ere-categorie\/","title":{"rendered":"Parcours truite 1\u00e8re cat\u00e9gorie"},"content":{"rendered":"\t\t<div data-elementor-type=\"wp-page\" data-elementor-id=\"13\" class=\"elementor elementor-13\">\n\t\t\t\t<div class=\"elementor-element elementor-element-a6ab7c9 e-flex e-con-boxed e-con e-parent\" data-id=\"a6ab7c9\" data-element_type=\"container\" data-e-type=\"container\">\n\t\t\t\t\t<div class=\"e-con-inner\">\n\t\t\t\t<div class=\"elementor-element elementor-element-bc3b4c8 elementor-widget elementor-widget-text-editor\" data-id=\"bc3b4c8\" data-element_type=\"widget\" data-e-type=\"widget\" data-widget_type=\"text-editor.default\">\n\t\t\t\t<div class=\"elementor-widget-container\">\n\t\t\t\t\t\t\t\t\t<iframe src=\"https:\/\/www.google.com\/maps\/d\/embed?mid=1rMSE1UO_14ZXe8TqyK79vfB4E1M&#038;ehbc=2E312F\" width=\"640\" height=\"480\"><\/iframe>\t\t\t\t\t\t\t\t<\/div>\n\t\t\t\t<\/div>\n\t\t\t\t\t<\/div>\n\t\t\t\t<\/div>\n\t\t<div class=\"elementor-element elementor-element-643aa4c4 e-flex e-con-boxed e-con e-parent\" data-id=\"643aa4c4\" data-element_type=\"container\" data-e-type=\"container\">\n\t\t\t\t\t<div class=\"e-con-inner\">\n\t\t\t\t<div class=\"elementor-element elementor-element-591fff18 elementor-widget elementor-widget-text-editor\" data-id=\"591fff18\" data-element_type=\"widget\" data-e-type=\"widget\" data-widget_type=\"text-editor.default\">\n\t\t\t\t<div class=\"elementor-widget-container\">\n\t\t\t\t\t\t\t\t\t<ul><li>Ce parcours de 1\u00e8re cat\u00e9gorie est en r\u00e9ciprocit\u00e9 totale .<\/li><li>Les dates d\u2019ouverture et de fermeture sont d\u00e9finies par l\u2019avis annuel d\u2019ouverture de la p\u00eache de l\u2019ann\u00e9e en cours.<\/li><li>La p\u00eache est autoris\u00e9e uniquement les Samedis, Dimanches, Lundi et jours f\u00e9ri\u00e9s.<\/li><li>La p\u00eache n\u2019est autoris\u00e9e que sur les baux de la commune de Volmerange Les Mines. Ces baux sont situ\u00e9s entre les deux points suivants:<br \/>En amont : du panneau de l\u2019entr\u00e9e de la commune (en venant de Molvange).<br \/>En aval : jusqu&rsquo;\u00e0 la fronti\u00e8re luxembourgeoise.<\/li><\/ul><p>Entre ces deux points il existe toutefois quelques baux priv\u00e9s ou la p\u00eache est interdite (jardins cl\u00f4tur\u00e9s). Respectez-les et renseignez vous avant de vous y engager.<\/p><ul><li>P\u00eache \u00e0 une seule canne.<\/li><li>Taille l\u00e9gale de 23 centim\u00e8tres minimum pour toutes esp\u00e8ces de truites.<\/li><li>Les prises sont limit\u00e9es \u00e0 3 truites par p\u00eacheur et par jour ouvrable.<\/li><\/ul><p>\u00a0<\/p>\t\t\t\t\t\t\t\t<\/div>\n\t\t\t\t<\/div>\n\t\t\t\t\t<\/div>\n\t\t\t\t<\/div>\n\t\t\t\t<\/div>\n\t\t","protected":false},"excerpt":{"rendered":"<p>Ce parcours de 1\u00e8re cat\u00e9gorie est en r\u00e9ciprocit\u00e9 totale . Les dates d\u2019ouverture et de fermeture sont d\u00e9finies par l\u2019avis annuel d\u2019ouverture de la p\u00eache de l\u2019ann\u00e9e en cours. La p\u00eache est autoris\u00e9e uniquement les Samedis, Dimanches, Lundi et jours f\u00e9ri\u00e9s. La p\u00eache n\u2019est autoris\u00e9e que sur les baux de la commune de Volmerange Les [&hellip;]<\/p>\n","protected":false},"author":1,"featured_media":0,"parent":0,"menu_order":0,"comment_status":"closed","ping_status":"closed","template":"","meta":{"_monsterinsights_skip_tracking":false,"_monsterinsights_sitenote_active":false,"_monsterinsights_sitenote_note":"","_monsterinsights_sitenote_category":0,"site-sidebar-layout":"default","site-content-layout":"","ast-site-content-layout":"default","site-content-style":"default","site-sidebar-style":"default","ast-global-header-display":"","ast-banner-title-visibility":"","ast-main-header-display":"","ast-hfb-above-header-display":"","ast-hfb-below-header-display":"","ast-hfb-mobile-header-display":"","site-post-title":"","ast-breadcrumbs-content":"","ast-featured-img":"","footer-sml-layout":"","ast-disable-related-posts":"","theme-transparent-header-meta":"","adv-header-id-meta":"","stick-header-meta":"","header-above-stick-meta":"","header-main-stick-meta":"","header-below-stick-meta":"","astra-migrate-meta-layouts":"default","ast-page-background-enabled":"default","ast-page-background-meta":{"desktop":{"background-color":"var(--ast-global-color-4)","background-image":"","background-repeat":"repeat","background-position":"center center","background-size":"auto","background-attachment":"scroll","background-type":"","background-media":"","overlay-type":"","overlay-color":"","overlay-opacity":"","overlay-gradient":""},"tablet":{"background-color":"","background-image":"","background-repeat":"repeat","background-position":"center center","background-size":"auto","background-attachment":"scroll","background-type":"","background-media":"","overlay-type":"","overlay-color":"","overlay-opacity":"","overlay-gradient":""},"mobile":{"background-color":"","background-image":"","background-repeat":"repeat","background-position":"center center","background-size":"auto","background-attachment":"scroll","background-type":"","background-media":"","overlay-type":"","overlay-color":"","overlay-opacity":"","overlay-gradient":""}},"ast-content-background-meta":{"desktop":{"background-color":"var(--ast-global-color-5)","background-image":"","background-repeat":"repeat","background-position":"center center","background-size":"auto","background-attachment":"scroll","background-type":"","background-media":"","overlay-type":"","overlay-color":"","overlay-opacity":"","overlay-gradient":""},"tablet":{"background-color":"var(--ast-global-color-5)","background-image":"","background-repeat":"repeat","background-position":"center center","background-size":"auto","background-attachment":"scroll","background-type":"","background-media":"","overlay-type":"","overlay-color":"","overlay-opacity":"","overlay-gradient":""},"mobile":{"background-color":"var(--ast-global-color-5)","background-image":"","background-repeat":"repeat","background-position":"center center","background-size":"auto","background-attachment":"scroll","background-type":"","background-media":"","overlay-type":"","overlay-color":"","overlay-opacity":"","overlay-gradient":""}},"jetpack_post_was_ever_published":false,"footnotes":""},"class_list":["post-13","page","type-page","status-publish","hentry"],"jetpack_sharing_enabled":true,"jetpack_shortlink":"https:\/\/wp.me\/P8cSoL-d","jetpack-related-posts":[],"_links":{"self":[{"href":"https:\/\/www.lafraternelle.info\/Site\/wp-json\/wp\/v2\/pages\/13","targetHints":{"allow":["GET"]}}],"collection":[{"href":"https:\/\/www.lafraternelle.info\/Site\/wp-json\/wp\/v2\/pages"}],"about":[{"href":"https:\/\/www.lafraternelle.info\/Site\/wp-json\/wp\/v2\/types\/page"}],"author":[{"embeddable":true,"href":"https:\/\/www.lafraternelle.info\/Site\/wp-json\/wp\/v2\/users\/1"}],"replies":[{"embeddable":true,"href":"https:\/\/www.lafraternelle.info\/Site\/wp-json\/wp\/v2\/comments?post=13"}],"version-history":[{"count":7,"href":"https:\/\/www.lafraternelle.info\/Site\/wp-json\/wp\/v2\/pages\/13\/revisions"}],"predecessor-version":[{"id":1411,"href":"https:\/\/www.lafraternelle.info\/Site\/wp-json\/wp\/v2\/pages\/13\/revisions\/1411"}],"wp:attachment":[{"href":"https:\/\/www.lafraternelle.info\/Site\/wp-json\/wp\/v2\/media?parent=13"}],"curies":[{"name":"wp","href":"https:\/\/api.w.org\/{rel}","templated":true}]}}