{"id":37,"date":"2016-12-12T17:27:53","date_gmt":"2016-12-12T16:27:53","guid":{"rendered":"http:\/\/www.lafraternelle.info\/Site\/?page_id=37"},"modified":"2023-11-14T12:19:38","modified_gmt":"2023-11-14T11:19:38","slug":"angelordnung-see-mirgenbach","status":"publish","type":"page","link":"http:\/\/www.lafraternelle.info\/Site\/angelordnung-see-mirgenbach\/","title":{"rendered":"Angelordnung See Mirgenbach"},"content":{"rendered":"\t\t<div data-elementor-type=\"wp-page\" data-elementor-id=\"37\" class=\"elementor elementor-37\">\n\t\t\t\t<div class=\"elementor-element elementor-element-7dd18c7 e-flex e-con-boxed e-con e-parent\" data-id=\"7dd18c7\" data-element_type=\"container\" data-e-type=\"container\">\n\t\t\t\t\t<div class=\"e-con-inner\">\n\t\t\t\t<div class=\"elementor-element elementor-element-f7d4884 elementor-widget elementor-widget-text-editor\" data-id=\"f7d4884\" data-element_type=\"widget\" data-e-type=\"widget\" data-widget_type=\"text-editor.default\">\n\t\t\t\t<div class=\"elementor-widget-container\">\n\t\t\t\t\t\t\t\t\t<iframe src=\"https:\/\/www.google.com\/maps\/d\/embed?mid=10KNf81CAdBzHO3CHceSLV40mLZA&#038;ehbc=2E312F\" width=\"640\" height=\"480\"><\/iframe>\t\t\t\t\t\t\t\t<\/div>\n\t\t\t\t<\/div>\n\t\t\t\t\t<\/div>\n\t\t\t\t<\/div>\n\t\t<div class=\"elementor-element elementor-element-16dc98ed e-flex e-con-boxed e-con e-parent\" data-id=\"16dc98ed\" data-element_type=\"container\" data-e-type=\"container\">\n\t\t\t\t\t<div class=\"e-con-inner\">\n\t\t\t\t<div class=\"elementor-element elementor-element-27cfe3cd elementor-widget elementor-widget-text-editor\" data-id=\"27cfe3cd\" data-element_type=\"widget\" data-e-type=\"widget\" data-widget_type=\"text-editor.default\">\n\t\t\t\t<div class=\"elementor-widget-container\">\n\t\t\t\t\t\t\t\t\t<ul><li><span style=\"color: #3da834;\"><strong>Artikel 1<\/strong> <\/span><br \/>Der See von Mirgenbach ist ein Gew\u00e4sser zweiter Kategorie, im privaten Besitz. Das Angelrecht wird von der A.A.P.P.M.A La Fraternelle Pays des trois fronti\u00e8res (Dreil\u00e4nderecke) ausge\u00fcbt.<\/li><li><span style=\"color: #3da834;\"><strong>Artikel 2<\/strong> <\/span><br \/>Die Angelbereiche sind durch Schilder gekennzeichnet: Angeln au\u00dferhalb dieser Bereiche ist streng verboten. Bei bedeutendem Sinken des Wasserstands, Arbeiten in Verbindung mit dem Betrieb oder aufgrund gelegentlicher Veranstaltungen oder von Fischbesatz k\u00f6nnen Verbote ausgesprochen werden. Nur das Angeln vom Ufer aus ist erlaubt. Der Fang von Fr\u00f6schen und Krebsen ist verboten.<\/li><li><span style=\"color: #3da834;\"><strong>Artikel 3<\/strong> <\/span><br \/>Angelschein<br \/>Bedingung f\u00fcr das Angeln im See Mirgenbach ist der Besitz eines Fischereischeins irgendeiner Anglervereinigung der AAPPMA des Departement Moselle, versehen mit der Steuermarke CPMA und dem Zusatzaufkleber \u201eMirgenbach\u201c, der von den verschiedenen Verkaufspunkten erworben werden kann.<\/li><li><span style=\"color: #3da834;\"><strong>Artikel 4<\/strong><\/span><br \/>Das Angeln ist mit 4 Ruten erlaubt, davon aber h\u00f6chstens drei f\u00fcr Raubfische. Die Ruten m\u00fcssen zwingend rechtwinklig zum Angelplatz ins Wasser ragen. Da allein das Fischen vom Ufer aus erlaubt ist, sind s\u00e4mtliche Boote auf dem Gew\u00e4sser verboten, einschlie\u00dflich von Modellbooten, die zum Transport von K\u00f6dern oder K\u00f6derfischen dienen k\u00f6nnen.<\/li><li><span style=\"color: #3da834;\"><strong>Artikel 5<\/strong><\/span><br \/>Fischfang und erlaubte Angelverfahren.<br \/>Die \u00d6ffnungszeiten und Schonzeiten werden im Fischereijahresblatt des Departement Moselle angegeben. Kraftwerkseitig: Alle Angelmethoden erlaubt Nautica-seitig: Alle Angelmethoden erlaubt bis auf Kunstk\u00f6der Der Angler mit Kunstk\u00f6dern darf gleichzeitig keine andere Angelmethode anwenden Es d\u00fcrfen maximal 3 Hechte oder 3 Zander pro Tag und Angler entnommen werden. \u201eCatch &amp; release\u201c f\u00fcr Karpfen aller Art<\/li><li><span style=\"color: #3da834;\"><strong>Artikel 6<\/strong><\/span><br \/>Vorschriftsm\u00e4\u00dfige Fangmindestma\u00dfe.<br \/>Das Fangmindestma\u00df des Hechtes betr\u00e4gt 60 cm, das des Zanders 50 cm.<\/li><li><span style=\"color: #3da834;\"><strong>Artikel 7<\/strong><\/span><br \/>Angeln und Angelplatz.<br \/>Gem\u00e4\u00df den geltenden Bestimmungen ist lediglich das Tagesangeln erlaubt (30 min. vor Sonnenaufgang und 30 min. nach Sonnenuntergang). Hierbei ist sich nach den gesetzlichen Sonnenaufgangs- und Sonnenuntergangszeiten zu richten. Der Angler beschr\u00e4nkt seinen Angelbereich auf maximal 5 Meter. Der Angelplatz ist unbedingt sauber und frei von M\u00fcll zu hinterlassen. (Exkremente sind zwingend zu vergraben). Container und M\u00fclleimer stehen zu Verf\u00fcgung auf dem Parkplatz am See.<\/li><li><span style=\"color: #3da834;\"><strong>Artikel 8<\/strong><\/span><br \/>Zufahrt zum Parkplatz<br \/>Das Parken von Fahrzeugen ist nur auf den markierten Parkpl\u00e4tzen m\u00f6glich. Das Fahren und Parken auf dem Zufahrtsweg zum Stauwerk ist verboten.<\/li><li><span style=\"color: #3da834;\"><strong>Artikel 9<\/strong><\/span><br \/>\u00dcberwachung der Fischerei und Strafverfolgung<br \/>Die Angler m\u00fcssen unbedingt den Anordnungen der Gew\u00e4sserwarte und der ordnungsgem\u00e4\u00df befugten Personen Folge leisten. Das Nichtbeachten der Umwelt (Feuer, M\u00fcll, Verschmutzung, Camping, Ver\u00e4nderungen der Uferb\u00f6schungen und sonstige Bel\u00e4stigungen) wird durch Strafverfolgung geahndet. Verst\u00f6\u00dfe gegen die vorliegende Angelordnung, die Auflagen des landwirtschaftlichen Umweltschutzgesetzbuches, die pr\u00e4fektoralen oder die nationalen Verordnungen f\u00fchren zur Erstellung von Strafzetteln, die den zust\u00e4ndigen Beh\u00f6rden \u00fcbermittelt werden. <span style=\"color: #ff0000;\"><strong>UNABH\u00c4NGIG VON DIESEM STRAFZETTEL KANN EINE VOR\u00dcBERGEHENDE ODER ENDG\u00dcLTIGE AUSSCHLUSSMASSNAHME VERH\u00c4NGT WERDEN.<\/strong><\/span><\/li><li><span style=\"color: #3da834;\"><strong>Artikel 10<\/strong><\/span><br \/>Pflichten der Angler<br \/>Die Angler sind verpflichtet, die anderen Benutzer des Gew\u00e4ssers weder zu bel\u00e4stigen, noch zu gef\u00e4hrden.<\/li><li><strong><span style=\"color: #3da834;\">Artikel 11<\/span><\/strong><br \/>Schadensf\u00e4lle, Haftung<br \/>Die AAPPMA \u201eLa Fraternelle\u201c haftet nicht f\u00fcr Verst\u00f6\u00dfe ihrer Mitglieder oder ggf. von ihnen verursachte oder erlittene Unf\u00e4lle sowie f\u00fcr die finanziellen Folgen. <span style=\"color: #ff0000;\"><strong>ES WIRD BETONT, DASS DIE AAPPMA \u201eLA FRATERNELLE\u201c KEINER SICHERHEITSPFLICHT UNTERLIEGT Die<\/strong><\/span> Tatsache des Erwerbs einer Angelerlaubnis setzt die Kenntnis der Bestimmungen der vorliegenden Angelordnung durch die Angler und die Verpflichtung ihrer vollst\u00e4ndigen Einhaltung voraus.<\/li><\/ul><p><strong><span style=\"color: #ff0000;\">VERBOTE:<\/span><\/strong><\/p><ul><li>Camping ist verboten.<\/li><li>Das Ablegen von Markierungen oder Bojen im Wasser ist verboten, es ist ebenfalls verboten, die B\u00f6schungen zu ver\u00e4ndern.<\/li><li>Ins Wasser zu steigen.<\/li><li>Feuer zu machen, B\u00e4ume oder Str\u00e4ucher bzw. sonstige Vegetation rund um den See abzuschneiden.<\/li><\/ul><p><strong><span style=\"color: #ff0000;\">Es ist strengsten untersagt Grundeln aller Art als K\u00f6der sowohl lebend oder tot zu nutzen. Diese d\u00fcrfen auch nicht lebend transportiert werden. Diesbez\u00fcglich werden strenge Kontrollen von der \u201epolice de la p\u00eache\u201c sowie von den \u201egardes de p\u00eache\u201c durchgef\u00fchrt. Bei nicht einhalten dieser Verordnung wird ein Strafzettel erstellt und dieser den zust\u00e4ndigen Beh\u00f6rden \u00fcbermittelt<\/span><\/strong><\/p><p><span style=\"color: #3da834;\"><strong>Im Falle einer Klage ist der Franz\u00f6sische Originaltext rechtskr\u00e4ftig !<\/strong><\/span><\/p><p>Der Vorsitzende<\/p>\t\t\t\t\t\t\t\t<\/div>\n\t\t\t\t<\/div>\n\t\t\t\t\t<\/div>\n\t\t\t\t<\/div>\n\t\t\t\t<\/div>\n\t\t","protected":false},"excerpt":{"rendered":"<p>Artikel 1 Der See von Mirgenbach ist ein Gew\u00e4sser zweiter Kategorie, im privaten Besitz. Das Angelrecht wird von der A.A.P.P.M.A La Fraternelle Pays des trois fronti\u00e8res (Dreil\u00e4nderecke) ausge\u00fcbt. Artikel 2 Die Angelbereiche sind durch Schilder gekennzeichnet: Angeln au\u00dferhalb dieser Bereiche ist streng verboten. Bei bedeutendem Sinken des Wasserstands, Arbeiten in Verbindung mit dem Betrieb oder [&hellip;]<\/p>\n","protected":false},"author":1,"featured_media":0,"parent":0,"menu_order":0,"comment_status":"closed","ping_status":"closed","template":"","meta":{"_monsterinsights_skip_tracking":false,"_monsterinsights_sitenote_active":false,"_monsterinsights_sitenote_note":"","_monsterinsights_sitenote_category":0,"site-sidebar-layout":"default","site-content-layout":"","ast-site-content-layout":"default","site-content-style":"default","site-sidebar-style":"default","ast-global-header-display":"","ast-banner-title-visibility":"","ast-main-header-display":"","ast-hfb-above-header-display":"","ast-hfb-below-header-display":"","ast-hfb-mobile-header-display":"","site-post-title":"","ast-breadcrumbs-content":"","ast-featured-img":"","footer-sml-layout":"","ast-disable-related-posts":"","theme-transparent-header-meta":"","adv-header-id-meta":"","stick-header-meta":"","header-above-stick-meta":"","header-main-stick-meta":"","header-below-stick-meta":"","astra-migrate-meta-layouts":"default","ast-page-background-enabled":"default","ast-page-background-meta":{"desktop":{"background-color":"var(--ast-global-color-4)","background-image":"","background-repeat":"repeat","background-position":"center center","background-size":"auto","background-attachment":"scroll","background-type":"","background-media":"","overlay-type":"","overlay-color":"","overlay-opacity":"","overlay-gradient":""},"tablet":{"background-color":"","background-image":"","background-repeat":"repeat","background-position":"center center","background-size":"auto","background-attachment":"scroll","background-type":"","background-media":"","overlay-type":"","overlay-color":"","overlay-opacity":"","overlay-gradient":""},"mobile":{"background-color":"","background-image":"","background-repeat":"repeat","background-position":"center center","background-size":"auto","background-attachment":"scroll","background-type":"","background-media":"","overlay-type":"","overlay-color":"","overlay-opacity":"","overlay-gradient":""}},"ast-content-background-meta":{"desktop":{"background-color":"var(--ast-global-color-5)","background-image":"","background-repeat":"repeat","background-position":"center center","background-size":"auto","background-attachment":"scroll","background-type":"","background-media":"","overlay-type":"","overlay-color":"","overlay-opacity":"","overlay-gradient":""},"tablet":{"background-color":"var(--ast-global-color-5)","background-image":"","background-repeat":"repeat","background-position":"center center","background-size":"auto","background-attachment":"scroll","background-type":"","background-media":"","overlay-type":"","overlay-color":"","overlay-opacity":"","overlay-gradient":""},"mobile":{"background-color":"var(--ast-global-color-5)","background-image":"","background-repeat":"repeat","background-position":"center center","background-size":"auto","background-attachment":"scroll","background-type":"","background-media":"","overlay-type":"","overlay-color":"","overlay-opacity":"","overlay-gradient":""}},"jetpack_post_was_ever_published":false,"footnotes":""},"class_list":["post-37","page","type-page","status-publish","hentry"],"jetpack_sharing_enabled":true,"jetpack_shortlink":"https:\/\/wp.me\/P8cSoL-B","jetpack-related-posts":[],"_links":{"self":[{"href":"http:\/\/www.lafraternelle.info\/Site\/wp-json\/wp\/v2\/pages\/37","targetHints":{"allow":["GET"]}}],"collection":[{"href":"http:\/\/www.lafraternelle.info\/Site\/wp-json\/wp\/v2\/pages"}],"about":[{"href":"http:\/\/www.lafraternelle.info\/Site\/wp-json\/wp\/v2\/types\/page"}],"author":[{"embeddable":true,"href":"http:\/\/www.lafraternelle.info\/Site\/wp-json\/wp\/v2\/users\/1"}],"replies":[{"embeddable":true,"href":"http:\/\/www.lafraternelle.info\/Site\/wp-json\/wp\/v2\/comments?post=37"}],"version-history":[{"count":9,"href":"http:\/\/www.lafraternelle.info\/Site\/wp-json\/wp\/v2\/pages\/37\/revisions"}],"predecessor-version":[{"id":1367,"href":"http:\/\/www.lafraternelle.info\/Site\/wp-json\/wp\/v2\/pages\/37\/revisions\/1367"}],"wp:attachment":[{"href":"http:\/\/www.lafraternelle.info\/Site\/wp-json\/wp\/v2\/media?parent=37"}],"curies":[{"name":"wp","href":"https:\/\/api.w.org\/{rel}","templated":true}]}}