{"id":35,"date":"2016-12-12T17:27:17","date_gmt":"2016-12-12T16:27:17","guid":{"rendered":"http:\/\/www.lafraternelle.info\/Site\/?page_id=35"},"modified":"2023-11-16T14:07:06","modified_gmt":"2023-11-16T13:07:06","slug":"sonderregelung-fur-weiher","status":"publish","type":"page","link":"http:\/\/www.lafraternelle.info\/Site\/sonderregelung-fur-weiher\/","title":{"rendered":"Sonderregelung f\u00fcr Weiher"},"content":{"rendered":"\t\t<div data-elementor-type=\"wp-page\" data-elementor-id=\"35\" class=\"elementor elementor-35\">\n\t\t\t\t<div class=\"elementor-element elementor-element-7aa304b e-flex e-con-boxed e-con e-parent\" data-id=\"7aa304b\" data-element_type=\"container\" data-e-type=\"container\">\n\t\t\t\t\t<div class=\"e-con-inner\">\n\t\t\t\t<div class=\"elementor-element elementor-element-acb2623 elementor-widget elementor-widget-text-editor\" data-id=\"acb2623\" data-element_type=\"widget\" data-e-type=\"widget\" data-widget_type=\"text-editor.default\">\n\t\t\t\t<div class=\"elementor-widget-container\">\n\t\t\t\t\t\t\t\t\t<iframe src=\"https:\/\/www.google.com\/maps\/d\/embed?mid=17BW7FsxhIunWm_8w4w0rKmiCvN8&#038;ehbc=2E312F\" width=\"640\" height=\"480\"><\/iframe>\t\t\t\t\t\t\t\t<\/div>\n\t\t\t\t<\/div>\n\t\t\t\t\t<\/div>\n\t\t\t\t<\/div>\n\t\t<div class=\"elementor-element elementor-element-abe0bdd e-flex e-con-boxed e-con e-parent\" data-id=\"abe0bdd\" data-element_type=\"container\" data-e-type=\"container\">\n\t\t\t\t\t<div class=\"e-con-inner\">\n\t\t\t\t<div class=\"elementor-element elementor-element-62a86f89 elementor-widget elementor-widget-text-editor\" data-id=\"62a86f89\" data-element_type=\"widget\" data-e-type=\"widget\" data-widget_type=\"text-editor.default\">\n\t\t\t\t<div class=\"elementor-widget-container\">\n\t\t\t\t\t\t\t\t\t<ul><li>2 Weiher in Koenigsmacker (Gro\u00dfer und kleiner Weiher)<\/li><li>2 Weiher in Sentzich (A. Cauderlier und P. Boncour)<\/li><li>3 Weiher in Basse-Ham (Sportplatz, Wiesen und kleiner Weiher genannt Carpodrome)<\/li><li>1 Weiher in Manom (Sainte Marie) + Nachtangeln auf Karpfen<\/li><\/ul><p><span style=\"color: #3da834;\"><strong>Allgemeine Angelbedingungen<\/strong><\/span><\/p><ul><li>Der ausgestellte Fischereischein ist streng personengebunden. Den Angeh\u00f6rigen der Mitglieder ist es jedoch gestattet, mit den maximal zul\u00e4ssigen 4 Ruten an den Weihern zu angeln (ausgenommen Carpodrome und See Mirgenbach).<\/li><li>Kinder in oder ohne Begleitung m\u00fcssen im Besitz einer Angelkarte des Verbandes sein.<\/li><li>Der Fischereischein ist den Gew\u00e4sserwarten und den Inhabern des Ausweises \u00ab\u00a0Police de la P\u00eache\u201c bei Kontrollen vorzuweisen<\/li><li>Das Nachtangeln auf Karpfen ist ausschlie\u00dflich am Weiher Sainte Marie gestattet.<\/li><li>Das Carpodrome ist dem vorschriftsm\u00e4\u00dfigen Stippangeln von Karpfen in den \u00d6ffnungszeiten vorbehalten.<\/li><li>Der kleine Weiher von Koenigsmacker ist dem Raubfischangeln mit Kunstk\u00f6dern vorbehalten. Die Fische m\u00fcssen umgehend und schonend zur\u00fcckgesetzt werden. Das Stippangeln mit einer einzigen rollenlosen Rute ist gestattet.<\/li><\/ul><p><span style=\"color: #3da834;\"><strong>Allgemeine Regelung f\u00fcr alle Weiher<\/strong><\/span><\/p><ul><li>W\u00e4hrend des \u00d6ffnungszeitraums ist das Angeln mit 4 Ruten, davon 3 auf Raubfisch erlaubt.<\/li><li>Die Schlie\u00dfung der Weiher zum Teil oder vollst\u00e4ndig infolge eines Fischbesatzes oder einer umstandsbedingten Entscheidung des Vorstands wird per Pressemitteilung und Anschlag bei den Vertretern bekanntgegeben.<\/li><li>Die Maximalbreite eines Angelplatzes ist auf 5 m pro Angler begrenzt.<\/li><li>Die Ruten m\u00fcssen zwingend rechtwinklig zum Angelplatz ins Wasser ragen.<\/li><li>Die Anwesenheit des Anglers am Angelplatz ist Pflicht.<\/li><li>Es gibt keine reservierten oder vergebenen Angelpl\u00e4tze.<\/li><li>Es wird darauf hingewiesen, dass ein Fliegenfischer (oder \u00e4hnlich) gleichzeitig keine weitere Angeltechnik anwenden darf.<\/li><li>Das Mindestfangma\u00df des Hechtes ist auf 60 cm festgelegt, das des Zanders auf 50 cm. Fische, die diese Mindestgr\u00f6\u00dfe nicht haben, m\u00fcssen lebend oder tot ins Wasser zur\u00fcckgesetzt werden.<\/li><li>Begrenzung des Hechtfangs auf 2 St\u00fcck pro Tag und pro Angler.<\/li><li>Das Nachtangeln ist an den Weihern verboten, mit Ausnahme des Weihers von Sainte Marie, an dem das Nachtangeln auf Karpfen genehmigt ist.<\/li><li>\u00ab\u00a0Catch and release\u201c f\u00fcr Karpfen aller Art.<\/li><li>Der Fang von Krebsen ist mit maximal 6 Reusen genehmigt ohne die Breite von 5 m des Angelplatzes zu \u00fcberschreiten.<br \/>An s\u00e4mtlichen Weihern ist die Nutzung von Booten, Ger\u00e4ten zum Transport von K\u00f6dern oder \u00e4hnlichem streng verboten.<\/li><li>Die Nutzung eines Senknetzes ist streng verboten.<\/li><li>Der Aufenthalt auf dem Privatgel\u00e4nde der Vereinigung ist den Vereinsmitgliedern vorbehalten.<\/li><\/ul><p><span style=\"color: #ff0000;\"><strong>Sind verboten:<br \/><\/strong><\/span><\/p><ul><li>Camping, ausgenommen Nachtangelpl\u00e4tze auf Karpfen.<\/li><li>Baden<\/li><li>M\u00fcll- und Schuttabladen<\/li><li>Waschen und \u00d6lwechsel von Kraftfahrzeugen<\/li><li>Besch\u00e4digung der Uferb\u00f6schungen und der Vegetation<\/li><li>offenes Feuer<\/li><\/ul><p><span style=\"color: #3da834;\"><strong>Carpodrome Kleiner Weiher von Basse-Ham \u2013 Allgemeine Regelung.<\/strong><\/span><\/p><ul><li>\u00d6ffnungszeiten: 7:30 bis 19:30 Uhr.<\/li><li>1 einzige Angelrute begrenzt auf eine L\u00e4nge von 13 m.<\/li><li>Rolle verboten.<\/li><li>Angelhaken ohne Widerhaken vorgeschrieben.<\/li><li>Geflochtene Schnur ist untersagt.<\/li><li>Abhakmatte oder \u00e4hnliches ist Vorschrift.<\/li><li>Alle K\u00f6der ohne Farbstoffe sind erlaubt<\/li><li>Farblose lebende oder tote K\u00f6der sind erlaubt, untersagt sind K\u00f6derfische, Kunstk\u00f6der und Brot.<\/li><li>Das sofortige zur\u00fccksetzten ist vorgeschrieben f\u00fcr Karpfen aller Art, sowie unbeabsichtigt gefangene Hechte oder Zander.<\/li><li>F\u00fcr die \u00fcbrigen Arten sind Setzkescher f\u00fcr die Aufbewahrung erlaubt.<\/li><li>Stippangeln mit einer rollenlosen Rute erlaubt.<\/li><\/ul><p><span style=\"color: #3da834;\"><strong>Carnadrome kleiner Weiher von Koenigsmacker -Allgemeine Regelung.<\/strong><\/span><\/p><ul><li>Der kleine Weiher von Koenigsmacker ist dem Raubfischangeln mit Kunstk\u00f6dern vorbehalten.<\/li><li>Die Raubfische m\u00fcssen umgehend und schonend zur\u00fcckgesetzt werden (Catch &amp; release).<\/li><li>Das Stippangeln mit einer einzigen rollenlosen Rute ist gestattet. Anf\u00fcttern ist erlaubt.<\/li><\/ul><p>Diese spezifische Bestimmung erg\u00e4nzt die der sonstigen Weiher.<\/p><p><span style=\"color: #ff0000;\"><strong>Verst\u00f6sse und Angelordnung:<\/strong><\/span><\/p><ul><li>Die Einhaltung der vorliegenden Angelordnung ist Jedermanns Pflicht.<\/li><li>Verst\u00f6\u00dfe, die von den vereidigten W\u00e4rtern und dem Kontrollpersonal festgestellt werden, werden von dem Vorstand durch Bestrafung geahndet<\/li><li>Der Besitz des Fischereischeins hat die Genehmigung der vorliegenden Angelordnung zur Folge.<\/li><li>N\u00fctzliche Rufnummern: Vorsitzender: (0033) 06.85.10.68.22 \u2013 Anlagen verantwortliche Person: (0033) 06.70.96.20.29<\/li><\/ul><p>Es ist strengsten untersagt Grundeln aller Art als K\u00f6der sowohl lebend oder tot zu nutzen. Diese d\u00fcrfen auch nicht lebend transportiert werden. Diesbez\u00fcglich werden strenge Kontrollen von der \u201epolice de la p\u00eache\u201c sowie von den \u201egardes de p\u00eache\u201c durchgef\u00fchrt. Bei nicht einhalten dieser Verordnung wird ein Strafzettel erstellt und dieser den zust\u00e4ndigen Beh\u00f6rden \u00fcbermittelt.<\/p><p><span style=\"color: #3da834;\"><strong>Im Falle einer Klage ist der Franz\u00f6sische Originaltext rechtskr\u00e4ftig !<\/strong><\/span><\/p>\t\t\t\t\t\t\t\t<\/div>\n\t\t\t\t<\/div>\n\t\t\t\t\t<\/div>\n\t\t\t\t<\/div>\n\t\t\t\t<\/div>\n\t\t","protected":false},"excerpt":{"rendered":"<p>2 Weiher in Koenigsmacker (Gro\u00dfer und kleiner Weiher) 2 Weiher in Sentzich (A. Cauderlier und P. Boncour) 3 Weiher in Basse-Ham (Sportplatz, Wiesen und kleiner Weiher genannt Carpodrome) 1 Weiher in Manom (Sainte Marie) + Nachtangeln auf Karpfen Allgemeine Angelbedingungen Der ausgestellte Fischereischein ist streng personengebunden. Den Angeh\u00f6rigen der Mitglieder ist es jedoch gestattet, mit [&hellip;]<\/p>\n","protected":false},"author":1,"featured_media":0,"parent":0,"menu_order":0,"comment_status":"closed","ping_status":"closed","template":"","meta":{"_monsterinsights_skip_tracking":false,"_monsterinsights_sitenote_active":false,"_monsterinsights_sitenote_note":"","_monsterinsights_sitenote_category":0,"site-sidebar-layout":"default","site-content-layout":"","ast-site-content-layout":"default","site-content-style":"default","site-sidebar-style":"default","ast-global-header-display":"","ast-banner-title-visibility":"","ast-main-header-display":"","ast-hfb-above-header-display":"","ast-hfb-below-header-display":"","ast-hfb-mobile-header-display":"","site-post-title":"","ast-breadcrumbs-content":"","ast-featured-img":"","footer-sml-layout":"","ast-disable-related-posts":"","theme-transparent-header-meta":"","adv-header-id-meta":"","stick-header-meta":"","header-above-stick-meta":"","header-main-stick-meta":"","header-below-stick-meta":"","astra-migrate-meta-layouts":"default","ast-page-background-enabled":"default","ast-page-background-meta":{"desktop":{"background-color":"var(--ast-global-color-4)","background-image":"","background-repeat":"repeat","background-position":"center center","background-size":"auto","background-attachment":"scroll","background-type":"","background-media":"","overlay-type":"","overlay-color":"","overlay-opacity":"","overlay-gradient":""},"tablet":{"background-color":"","background-image":"","background-repeat":"repeat","background-position":"center center","background-size":"auto","background-attachment":"scroll","background-type":"","background-media":"","overlay-type":"","overlay-color":"","overlay-opacity":"","overlay-gradient":""},"mobile":{"background-color":"","background-image":"","background-repeat":"repeat","background-position":"center center","background-size":"auto","background-attachment":"scroll","background-type":"","background-media":"","overlay-type":"","overlay-color":"","overlay-opacity":"","overlay-gradient":""}},"ast-content-background-meta":{"desktop":{"background-color":"var(--ast-global-color-5)","background-image":"","background-repeat":"repeat","background-position":"center center","background-size":"auto","background-attachment":"scroll","background-type":"","background-media":"","overlay-type":"","overlay-color":"","overlay-opacity":"","overlay-gradient":""},"tablet":{"background-color":"var(--ast-global-color-5)","background-image":"","background-repeat":"repeat","background-position":"center center","background-size":"auto","background-attachment":"scroll","background-type":"","background-media":"","overlay-type":"","overlay-color":"","overlay-opacity":"","overlay-gradient":""},"mobile":{"background-color":"var(--ast-global-color-5)","background-image":"","background-repeat":"repeat","background-position":"center center","background-size":"auto","background-attachment":"scroll","background-type":"","background-media":"","overlay-type":"","overlay-color":"","overlay-opacity":"","overlay-gradient":""}},"jetpack_post_was_ever_published":false,"footnotes":""},"class_list":["post-35","page","type-page","status-publish","hentry"],"jetpack_sharing_enabled":true,"jetpack_shortlink":"https:\/\/wp.me\/P8cSoL-z","jetpack-related-posts":[],"_links":{"self":[{"href":"http:\/\/www.lafraternelle.info\/Site\/wp-json\/wp\/v2\/pages\/35","targetHints":{"allow":["GET"]}}],"collection":[{"href":"http:\/\/www.lafraternelle.info\/Site\/wp-json\/wp\/v2\/pages"}],"about":[{"href":"http:\/\/www.lafraternelle.info\/Site\/wp-json\/wp\/v2\/types\/page"}],"author":[{"embeddable":true,"href":"http:\/\/www.lafraternelle.info\/Site\/wp-json\/wp\/v2\/users\/1"}],"replies":[{"embeddable":true,"href":"http:\/\/www.lafraternelle.info\/Site\/wp-json\/wp\/v2\/comments?post=35"}],"version-history":[{"count":7,"href":"http:\/\/www.lafraternelle.info\/Site\/wp-json\/wp\/v2\/pages\/35\/revisions"}],"predecessor-version":[{"id":1423,"href":"http:\/\/www.lafraternelle.info\/Site\/wp-json\/wp\/v2\/pages\/35\/revisions\/1423"}],"wp:attachment":[{"href":"http:\/\/www.lafraternelle.info\/Site\/wp-json\/wp\/v2\/media?parent=35"}],"curies":[{"name":"wp","href":"https:\/\/api.w.org\/{rel}","templated":true}]}}