{"id":29,"date":"2016-12-12T17:24:08","date_gmt":"2016-12-12T16:24:08","guid":{"rendered":"http:\/\/www.lafraternelle.info\/Site\/?page_id=29"},"modified":"2023-11-14T15:15:59","modified_gmt":"2023-11-14T14:15:59","slug":"nachtfischfang-des-karpfens","status":"publish","type":"page","link":"http:\/\/www.lafraternelle.info\/Site\/nachtfischfang-des-karpfens\/","title":{"rendered":"Nachtfischfang des Karpfens"},"content":{"rendered":"\t\t<div data-elementor-type=\"wp-page\" data-elementor-id=\"29\" class=\"elementor elementor-29\">\n\t\t\t\t<div class=\"elementor-element elementor-element-7911d25d e-flex e-con-boxed e-con e-parent\" data-id=\"7911d25d\" data-element_type=\"container\" data-e-type=\"container\">\n\t\t\t\t\t<div class=\"e-con-inner\">\n\t\t\t\t<div class=\"elementor-element elementor-element-6c1daae7 elementor-widget elementor-widget-text-editor\" data-id=\"6c1daae7\" data-element_type=\"widget\" data-e-type=\"widget\" data-widget_type=\"text-editor.default\">\n\t\t\t\t<div class=\"elementor-widget-container\">\n\t\t\t\t\t\t\t\t\t<p>Nachtfischfang des Karpfens, und nur diese Art, ist das ganze Jahr \u00fcber in den Gew\u00e4ssern der zweiten Kategorie an Orte von der Pr\u00e4fektur angegeben zul\u00e4ssig.<br \/>Verbote und Pflichten<\/p><p>Folgende Verbote und Pflichten sind bei der Nachtangelei auf den Karpfen einzuhalten.<\/p><p><strong><span style=\"color: #ff0000;\">Es ist verboten:<\/span><\/strong><\/p><ul><li>Angeln, Zelte und Anglerschirme auf den Betriebswegen der Wasserwirtschaftsverwaltung aufzustellen.<\/li><li>Kabel von Bissanzeigern \u00fcber Betriebswege zu legen.<\/li><li>Vom Boot aus anzuf\u00fcttern und zu angeln.<\/li><li>Markierungen im Wasser oder an der Wasseroberfl\u00e4che anzubringen.<\/li><li>Mit lebenden oder toten K\u00f6derfischen zu angeln; lediglich pflanzliche Materialien sind erlaubt.<\/li><li>Mit Glasaalen oder Aalfleisch anzuf\u00fcttern.<\/li><li>Mit rohen, nicht gequollenen Getreidek\u00f6rnern anzuf\u00fcttern.<\/li><li>Gefangene Fische zu verst\u00fcmmeln oder zu markieren.<\/li><li>Gefangene Karpfen eine halbe Stunde nach Sonnenuntergang und eine halbe Stunde vor Sonnenaufgang gefangen zu halten (Karpfensack, Setzkescher) oder zu transportieren (Artikel R 436-14-5 Umweltkodex).<\/li><li>Jederzeit lebenden Karpfen \u00fcber 60 Zentimetern zu transportieren(Artikel L436-16 Umweltkodex).<\/li><\/ul><p><span style=\"color: #3da834;\"><strong>Sie sind verpflichtet:<\/strong><\/span><\/p><p>Den Angelplatz mit einer Leuchte zu kennzeichnen.<\/p><p>Jeder Angler, der w\u00e4hrend des Nachtangelns im Besitz einer anderen als erlaubten Fischart angetroffen wird, verst\u00f6\u00dft gegen den Umweltkodex und wird dementsprechend bestraft (Artikel R. 436-40, Gesetz\u00fcberschreitung 3. Klasse).<\/p><p><span style=\"color: #3da834;\"><strong>Im Falle einer Klage ist der Franz\u00f6sische Originaltext rechtskr\u00e4ftig !<\/strong><\/span><\/p>\t\t\t\t\t\t\t\t<\/div>\n\t\t\t\t<\/div>\n\t\t\t\t\t<\/div>\n\t\t\t\t<\/div>\n\t\t\t\t<\/div>\n\t\t","protected":false},"excerpt":{"rendered":"<p>Nachtfischfang des Karpfens, und nur diese Art, ist das ganze Jahr \u00fcber in den Gew\u00e4ssern der zweiten Kategorie an Orte von der Pr\u00e4fektur angegeben zul\u00e4ssig.Verbote und Pflichten Folgende Verbote und Pflichten sind bei der Nachtangelei auf den Karpfen einzuhalten. Es ist verboten: Angeln, Zelte und Anglerschirme auf den Betriebswegen der Wasserwirtschaftsverwaltung aufzustellen. Kabel von Bissanzeigern [&hellip;]<\/p>\n","protected":false},"author":1,"featured_media":0,"parent":0,"menu_order":0,"comment_status":"closed","ping_status":"closed","template":"","meta":{"_monsterinsights_skip_tracking":false,"_monsterinsights_sitenote_active":false,"_monsterinsights_sitenote_note":"","_monsterinsights_sitenote_category":0,"site-sidebar-layout":"default","site-content-layout":"","ast-site-content-layout":"default","site-content-style":"default","site-sidebar-style":"default","ast-global-header-display":"","ast-banner-title-visibility":"","ast-main-header-display":"","ast-hfb-above-header-display":"","ast-hfb-below-header-display":"","ast-hfb-mobile-header-display":"","site-post-title":"","ast-breadcrumbs-content":"","ast-featured-img":"","footer-sml-layout":"","ast-disable-related-posts":"","theme-transparent-header-meta":"","adv-header-id-meta":"","stick-header-meta":"","header-above-stick-meta":"","header-main-stick-meta":"","header-below-stick-meta":"","astra-migrate-meta-layouts":"default","ast-page-background-enabled":"default","ast-page-background-meta":{"desktop":{"background-color":"var(--ast-global-color-4)","background-image":"","background-repeat":"repeat","background-position":"center center","background-size":"auto","background-attachment":"scroll","background-type":"","background-media":"","overlay-type":"","overlay-color":"","overlay-opacity":"","overlay-gradient":""},"tablet":{"background-color":"","background-image":"","background-repeat":"repeat","background-position":"center center","background-size":"auto","background-attachment":"scroll","background-type":"","background-media":"","overlay-type":"","overlay-color":"","overlay-opacity":"","overlay-gradient":""},"mobile":{"background-color":"","background-image":"","background-repeat":"repeat","background-position":"center center","background-size":"auto","background-attachment":"scroll","background-type":"","background-media":"","overlay-type":"","overlay-color":"","overlay-opacity":"","overlay-gradient":""}},"ast-content-background-meta":{"desktop":{"background-color":"var(--ast-global-color-5)","background-image":"","background-repeat":"repeat","background-position":"center center","background-size":"auto","background-attachment":"scroll","background-type":"","background-media":"","overlay-type":"","overlay-color":"","overlay-opacity":"","overlay-gradient":""},"tablet":{"background-color":"var(--ast-global-color-5)","background-image":"","background-repeat":"repeat","background-position":"center center","background-size":"auto","background-attachment":"scroll","background-type":"","background-media":"","overlay-type":"","overlay-color":"","overlay-opacity":"","overlay-gradient":""},"mobile":{"background-color":"var(--ast-global-color-5)","background-image":"","background-repeat":"repeat","background-position":"center center","background-size":"auto","background-attachment":"scroll","background-type":"","background-media":"","overlay-type":"","overlay-color":"","overlay-opacity":"","overlay-gradient":""}},"jetpack_post_was_ever_published":false,"footnotes":""},"class_list":["post-29","page","type-page","status-publish","hentry"],"jetpack_sharing_enabled":true,"jetpack_shortlink":"https:\/\/wp.me\/P8cSoL-t","jetpack-related-posts":[],"_links":{"self":[{"href":"http:\/\/www.lafraternelle.info\/Site\/wp-json\/wp\/v2\/pages\/29","targetHints":{"allow":["GET"]}}],"collection":[{"href":"http:\/\/www.lafraternelle.info\/Site\/wp-json\/wp\/v2\/pages"}],"about":[{"href":"http:\/\/www.lafraternelle.info\/Site\/wp-json\/wp\/v2\/types\/page"}],"author":[{"embeddable":true,"href":"http:\/\/www.lafraternelle.info\/Site\/wp-json\/wp\/v2\/users\/1"}],"replies":[{"embeddable":true,"href":"http:\/\/www.lafraternelle.info\/Site\/wp-json\/wp\/v2\/comments?post=29"}],"version-history":[{"count":5,"href":"http:\/\/www.lafraternelle.info\/Site\/wp-json\/wp\/v2\/pages\/29\/revisions"}],"predecessor-version":[{"id":1405,"href":"http:\/\/www.lafraternelle.info\/Site\/wp-json\/wp\/v2\/pages\/29\/revisions\/1405"}],"wp:attachment":[{"href":"http:\/\/www.lafraternelle.info\/Site\/wp-json\/wp\/v2\/media?parent=29"}],"curies":[{"name":"wp","href":"https:\/\/api.w.org\/{rel}","templated":true}]}}