{"id":27,"date":"2016-12-12T17:23:23","date_gmt":"2016-12-12T16:23:23","guid":{"rendered":"http:\/\/www.lafraternelle.info\/Site\/?page_id=27"},"modified":"2023-11-14T12:54:16","modified_gmt":"2023-11-14T11:54:16","slug":"besondere-fischereiliche-bedingungen-und-hinweise","status":"publish","type":"page","link":"http:\/\/www.lafraternelle.info\/Site\/besondere-fischereiliche-bedingungen-und-hinweise\/","title":{"rendered":"Besondere Fischereiliche Bedingungen und Hinweise"},"content":{"rendered":"\t\t<div data-elementor-type=\"wp-page\" data-elementor-id=\"27\" class=\"elementor elementor-27\">\n\t\t\t\t<div class=\"elementor-element elementor-element-1632b63 e-flex e-con-boxed e-con e-parent\" data-id=\"1632b63\" data-element_type=\"container\" data-e-type=\"container\">\n\t\t\t\t\t<div class=\"e-con-inner\">\n\t\t\t\t<div class=\"elementor-element elementor-element-75cc6ffc elementor-widget elementor-widget-text-editor\" data-id=\"75cc6ffc\" data-element_type=\"widget\" data-e-type=\"widget\" data-widget_type=\"text-editor.default\">\n\t\t\t\t<div class=\"elementor-widget-container\">\n\t\t\t\t\t\t\t\t\t<p><span style=\"color: #3da834;\"><strong>Erlaubte Fischereiverfahren und -Methoden:<\/strong><\/span><\/p><p>(Artikel R43623 und nachfolgende aus dem Gesetzbuch f\u00fcr umweltschutzrechtliche Vorschriften)<\/p><p>Die Mitglieder der bei uns anerkannten Vereine zum Schutz der Gew\u00e4sser und der Fischerei d\u00fcrfen wie folgt fischen:<br \/>mit h\u00f6chstens vier Angeln in den Gew\u00e4ssern der 2. Kategorie<br \/>mit h\u00f6chstens zwei Angeln in den Staatsgew\u00e4ssern der 1. Kategorie<br \/>mit einer einzigen Angel in den nicht staatlichen Gew\u00e4ssern der 1. Kategorie<br \/>mit h\u00f6chstens sechs Krebsnetzen<br \/>mit einem Beh\u00e4lter oder einer Flasche deren Volumen maximal 2 Liter betr\u00e4gt, f\u00fcr den Fang von K\u00f6derfischen; diese Fischfangmethode ist unabh\u00e4ngig von ihrer Kategorie, in allen Gew\u00e4ssern erlaubt,<br \/>Die Angeln d\u00fcrfen nur aus Angelruten mit h\u00f6chstens zwei Angelhaken oder drei k\u00fcnstlichen Fliegen bestehen. Sie m\u00fcssen in unmittelbarer N\u00e4he des Anglers ausgelegt werden und dauernd beaufsichtigt sein. Beim Verlassen des Angelplatzes sind die Angeln aus dem Wasser zu nehmen.<br \/>In allen nichtstaatlichen Gew\u00e4ssern der 2. Kategorie darf eine viereckige K\u00f6derfischsenke von h\u00f6chstens einem Quadratmeter (1x1m) und der im Gesetzbuch f\u00fcr umweltrechtliche Vorschriften vorgegebenen Maschenform und \u2014Gr\u00f6\u00dfe sowie entsprechend etwaiger Erlasse des Pr\u00e4fekten, verwendet werden.<\/p><p><span style=\"color: #3da834;\"><strong>Verbotene Fischereiverfahren und -Methoden:<\/strong><\/span><\/p><p>(Artikel R436-30 und nachfolgende aus dem Gesetzbuch f\u00fcr umweltrechtliche Vorschriften)<\/p><p>Beim Fischfang ist es verboten, direkt mit der Hand oder unter dem Eis, oder indem man das Wasser aufw\u00fchlt oder indem man in das Wasser h\u00e4ngende Wurzeln und andere Schlupfwinkel der Fische durchw\u00fchlt, zu fischen.<br \/>Es ist verboten jegliche nicht einheimische (allochthone) Arten, sowie Fischarten, die \u00f6kologische St\u00f6rungen (Art. 432 5 aus dem Gesetzbuch f\u00fcr umweltrechtliche Vorschriften) verursachen k\u00f6nnten, gesch\u00fctzte oder mit Mindestma\u00df belegte Fischarten, Fischeier sowie Fleischmaden oder andere Maden von zweifl\u00fcgeligen Insekten, in den Gew\u00e4ssern der 1. Kategorie als K\u00f6der zu verwenden. Es ist verboten mit Aal als K\u00f6der, egal ob lebendig oder tot, zu angeln. W\u00e4hrend der Artenschonzeit f\u00fcr Hecht und Zander ist das Angeln mit K\u00f6derfischen (tot, lebendig oder k\u00fcnstlich) und mit s\u00e4mtlichen k\u00fcnstlichen K\u00f6dern (Blinker, Spinner, Wobbler, Gummifisch etc.) in den Gew\u00e4ssern der 2. Kategorie untersagt. W\u00e4hrend dieser Schonzeit ist jedoch das Fischen mit der k\u00fcnstlichen Fliege sowie das angeln mit Wurm auf Barsch erlaubt. Sollte ein Hecht oder Zander gefangen werden, muss dieser sofort mit nasser Hand und schonend zur\u00fcck gesetzt werden.<br \/>In Gew\u00e4ssern, in denen man nachts auf Karpfen angeln darf ab einer halben Stunde nach Sonnenuntergang bis eine halbe Stunde vor Sonnenaufgang darf kein von Freizeitanglern gefangener Karpfen geh\u00e4ltert oder transportiert werden (Artikel R436 14 des Gesetzbuchs f\u00fcr umweltschutzrechtliche Vorschriften, umge\u00e4ndert infolge der Anordnung Nr.2005 835 vom 2. August 2005).<\/p><p><span style=\"color: #3da834;\"><strong>Das Nachtangeln auf Aal ist verboten sowie lebende Karpfen \u00fcber 60 Zentimeter zu transportieren !<\/strong><\/span><\/p><p><span style=\"color: #3da834;\"><strong>Mindestgr\u00f6sse der Fische und Krebse:<\/strong><\/span><\/p><p>(Artikel R436-18 und R436-19 des Gesetzbuchs f\u00fcr umweltschutzrechtliche Vorschriften)<\/p><p>Folgende Fischarten, die ihr Mindestma\u00df nicht erreicht haben, m\u00fcssen unmittelbar nach dem Fang wieder schonend<strong><span style=\"color: #3da834;\"> und mit nasser Hand<\/span><\/strong> in das Wasser zur\u00fcckgesetzt werden:<\/p><ul><li>50 cm : Hecht in den Gew\u00e4ssern der 2. Kategorie<\/li><li>40 cm : Zander in den Gew\u00e4ssern der 2. Kategorie<\/li><li>30 cm : iische und Black Bass<\/li><li>23 cm : Seesaibling und Bachsaibling<\/li><li>20 cm : Forelle, Bachsaibling und Seesaibling in folgenden Gew\u00e4ssern 1. Kategorie : Sarre Blanche, Sarre Rouge, Sarre (Binnenschifffahrtsgemeingut), Bi\u00e8vre, Zom, Mossig, Mosselbach, Buerrenbach, Nessel, Zinsel im Sud, Zinsel im Norden, Ischbach, Spletersbach, Saumuhlbach, Muhlgraben, Klapparbach, Falkensteinbach, Schwarzbach, sowie in ihren Zufl\u00fcssen und Nebenfl\u00fcssen (um diese Arten zu sch\u00fctzen).<\/li><li>23 cm: Forelle und Bachsaibling in den Gew\u00e4ssern der 1. Kategorie, die oben nicht erw\u00e4hnt wurden und in den Gew\u00e4ssern der 2. Kategorie.<\/li><li>9 cm: Edelkrebs, Sumpfkrebs und Dohlenkrebs.<\/li><\/ul><p><span style=\"color: #3da834;\"><strong>Im Falle einer Klage ist der Franz\u00f6sische Originaltext rechtskr\u00e4ftig !<\/strong><\/span><\/p>\t\t\t\t\t\t\t\t<\/div>\n\t\t\t\t<\/div>\n\t\t\t\t\t<\/div>\n\t\t\t\t<\/div>\n\t\t\t\t<\/div>\n\t\t","protected":false},"excerpt":{"rendered":"<p>Erlaubte Fischereiverfahren und -Methoden: (Artikel R43623 und nachfolgende aus dem Gesetzbuch f\u00fcr umweltschutzrechtliche Vorschriften) Die Mitglieder der bei uns anerkannten Vereine zum Schutz der Gew\u00e4sser und der Fischerei d\u00fcrfen wie folgt fischen:mit h\u00f6chstens vier Angeln in den Gew\u00e4ssern der 2. Kategoriemit h\u00f6chstens zwei Angeln in den Staatsgew\u00e4ssern der 1. Kategoriemit einer einzigen Angel in den [&hellip;]<\/p>\n","protected":false},"author":1,"featured_media":0,"parent":0,"menu_order":0,"comment_status":"closed","ping_status":"closed","template":"","meta":{"_monsterinsights_skip_tracking":false,"_monsterinsights_sitenote_active":false,"_monsterinsights_sitenote_note":"","_monsterinsights_sitenote_category":0,"site-sidebar-layout":"default","site-content-layout":"","ast-site-content-layout":"default","site-content-style":"default","site-sidebar-style":"default","ast-global-header-display":"","ast-banner-title-visibility":"","ast-main-header-display":"","ast-hfb-above-header-display":"","ast-hfb-below-header-display":"","ast-hfb-mobile-header-display":"","site-post-title":"","ast-breadcrumbs-content":"","ast-featured-img":"","footer-sml-layout":"","ast-disable-related-posts":"","theme-transparent-header-meta":"","adv-header-id-meta":"","stick-header-meta":"","header-above-stick-meta":"","header-main-stick-meta":"","header-below-stick-meta":"","astra-migrate-meta-layouts":"default","ast-page-background-enabled":"default","ast-page-background-meta":{"desktop":{"background-color":"var(--ast-global-color-4)","background-image":"","background-repeat":"repeat","background-position":"center center","background-size":"auto","background-attachment":"scroll","background-type":"","background-media":"","overlay-type":"","overlay-color":"","overlay-opacity":"","overlay-gradient":""},"tablet":{"background-color":"","background-image":"","background-repeat":"repeat","background-position":"center center","background-size":"auto","background-attachment":"scroll","background-type":"","background-media":"","overlay-type":"","overlay-color":"","overlay-opacity":"","overlay-gradient":""},"mobile":{"background-color":"","background-image":"","background-repeat":"repeat","background-position":"center center","background-size":"auto","background-attachment":"scroll","background-type":"","background-media":"","overlay-type":"","overlay-color":"","overlay-opacity":"","overlay-gradient":""}},"ast-content-background-meta":{"desktop":{"background-color":"var(--ast-global-color-5)","background-image":"","background-repeat":"repeat","background-position":"center center","background-size":"auto","background-attachment":"scroll","background-type":"","background-media":"","overlay-type":"","overlay-color":"","overlay-opacity":"","overlay-gradient":""},"tablet":{"background-color":"var(--ast-global-color-5)","background-image":"","background-repeat":"repeat","background-position":"center center","background-size":"auto","background-attachment":"scroll","background-type":"","background-media":"","overlay-type":"","overlay-color":"","overlay-opacity":"","overlay-gradient":""},"mobile":{"background-color":"var(--ast-global-color-5)","background-image":"","background-repeat":"repeat","background-position":"center center","background-size":"auto","background-attachment":"scroll","background-type":"","background-media":"","overlay-type":"","overlay-color":"","overlay-opacity":"","overlay-gradient":""}},"jetpack_post_was_ever_published":false,"footnotes":""},"class_list":["post-27","page","type-page","status-publish","hentry"],"jetpack_sharing_enabled":true,"jetpack_shortlink":"https:\/\/wp.me\/P8cSoL-r","jetpack-related-posts":[],"_links":{"self":[{"href":"http:\/\/www.lafraternelle.info\/Site\/wp-json\/wp\/v2\/pages\/27","targetHints":{"allow":["GET"]}}],"collection":[{"href":"http:\/\/www.lafraternelle.info\/Site\/wp-json\/wp\/v2\/pages"}],"about":[{"href":"http:\/\/www.lafraternelle.info\/Site\/wp-json\/wp\/v2\/types\/page"}],"author":[{"embeddable":true,"href":"http:\/\/www.lafraternelle.info\/Site\/wp-json\/wp\/v2\/users\/1"}],"replies":[{"embeddable":true,"href":"http:\/\/www.lafraternelle.info\/Site\/wp-json\/wp\/v2\/comments?post=27"}],"version-history":[{"count":5,"href":"http:\/\/www.lafraternelle.info\/Site\/wp-json\/wp\/v2\/pages\/27\/revisions"}],"predecessor-version":[{"id":1370,"href":"http:\/\/www.lafraternelle.info\/Site\/wp-json\/wp\/v2\/pages\/27\/revisions\/1370"}],"wp:attachment":[{"href":"http:\/\/www.lafraternelle.info\/Site\/wp-json\/wp\/v2\/media?parent=27"}],"curies":[{"name":"wp","href":"https:\/\/api.w.org\/{rel}","templated":true}]}}