{"id":15,"date":"2016-12-12T17:19:53","date_gmt":"2016-12-12T16:19:53","guid":{"rendered":"http:\/\/www.lafraternelle.info\/Site\/?page_id=15"},"modified":"2023-11-14T12:57:04","modified_gmt":"2023-11-14T11:57:04","slug":"cales-de-mise-a-leau","status":"publish","type":"page","link":"http:\/\/www.lafraternelle.info\/Site\/cales-de-mise-a-leau\/","title":{"rendered":"Cales de mise \u00e0 l&rsquo;eau"},"content":{"rendered":"\t\t<div data-elementor-type=\"wp-page\" data-elementor-id=\"15\" class=\"elementor elementor-15\">\n\t\t\t\t<div class=\"elementor-element elementor-element-1354f29c e-flex e-con-boxed e-con e-parent\" data-id=\"1354f29c\" data-element_type=\"container\" data-e-type=\"container\">\n\t\t\t\t\t<div class=\"e-con-inner\">\n\t\t\t\t<div class=\"elementor-element elementor-element-6cb38314 elementor-widget elementor-widget-text-editor\" data-id=\"6cb38314\" data-element_type=\"widget\" data-e-type=\"widget\" data-widget_type=\"text-editor.default\">\n\t\t\t\t<div class=\"elementor-widget-container\">\n\t\t\t\t\t\t\t\t\t<p><strong><span style=\"color: #3da834;\">Conditions pour l&rsquo;acc\u00e8s aux cales de mise \u00e0 l&rsquo;eau de Basse-Ham et de Malling<\/span><\/strong><\/p><ul><li>1- Etre titulaire d&rsquo;une carte de p\u00eache valide:<br \/>&#8211; Carte personne majeure ou URNE de l&rsquo;AAPPMA La Fraternelle.<br \/>&#8211; Carte URNE.<br \/>&#8211; Carte EGHO ou CHI avec le timbre reciprocitaire URNE.<\/li><li>2- Seules les embarcations destin\u00e9es \u00e0 la p\u00eache sont admises.<\/li><\/ul><p><span style=\"color: #ff0000;\">Attention<\/span> : la mise \u00e0 l&rsquo;eau de Basse-Ham est actuellement inaccessible.<br \/>Une convention est actuellement en cours avec la Municipalit\u00e9 de Basse-Ham.<\/p><p>Voies Navigables de France a accueilli favorablement notre demande de cr\u00e9ation de la rampe de Malling et nous les en remercions vivement. Le cahier des charges conclu implique un controle d&rsquo;acc\u00e8s des usagers.<br \/>Un grand merci \u00e9galement \u00e0 tous les b\u00e9n\u00e9voles qui ont pris part aux travaux, \u00e0 la soci\u00e9t\u00e9 LTPE pour la mise \u00e0 disposition des engins, \u00e0 la commune de Malling pour son soutien et \u00e0 la F\u00e9d\u00e9ration de P\u00eache de la Moselle. La barri\u00e8re pr\u00e9vue \u00e0 cet effet doit \u00eatre ferm\u00e9e apr\u00e8s la mise \u00e0 l&rsquo;eau ou le chargement de l&#8217;embarcation de p\u00eache. Le stationnement des v\u00e9hicules doit se faire sur le parking pr\u00e9vu \u00e0 cet effet. Merci de ne pas encombrer la piste cyclable.<\/p>\t\t\t\t\t\t\t\t<\/div>\n\t\t\t\t<\/div>\n\t\t\t\t\t<\/div>\n\t\t\t\t<\/div>\n\t\t<div class=\"elementor-element elementor-element-729dbb1 e-flex e-con-boxed e-con e-parent\" data-id=\"729dbb1\" data-element_type=\"container\" data-e-type=\"container\">\n\t\t\t\t\t<div class=\"e-con-inner\">\n\t\t\t\t<div class=\"elementor-element elementor-element-d534db2 elementor-widget elementor-widget-text-editor\" data-id=\"d534db2\" data-element_type=\"widget\" data-e-type=\"widget\" data-widget_type=\"text-editor.default\">\n\t\t\t\t<div class=\"elementor-widget-container\">\n\t\t\t\t\t\t\t\t\t<iframe src=\"https:\/\/www.google.com\/maps\/d\/embed?mid=1hxnAbIh2Ky1GPXWC4lInbo7nuVk&#038;ehbc=2E312F\" width=\"640\" height=\"480\"><\/iframe>\t\t\t\t\t\t\t\t<\/div>\n\t\t\t\t<\/div>\n\t\t\t\t\t<\/div>\n\t\t\t\t<\/div>\n\t\t\t\t<\/div>\n\t\t","protected":false},"excerpt":{"rendered":"<p>Conditions pour l&rsquo;acc\u00e8s aux cales de mise \u00e0 l&rsquo;eau de Basse-Ham et de Malling 1- Etre titulaire d&rsquo;une carte de p\u00eache valide:&#8211; Carte personne majeure ou URNE de l&rsquo;AAPPMA La Fraternelle.&#8211; Carte URNE.&#8211; Carte EGHO ou CHI avec le timbre reciprocitaire URNE. 2- Seules les embarcations destin\u00e9es \u00e0 la p\u00eache sont admises. Attention : la [&hellip;]<\/p>\n","protected":false},"author":1,"featured_media":0,"parent":0,"menu_order":0,"comment_status":"closed","ping_status":"closed","template":"","meta":{"_monsterinsights_skip_tracking":false,"_monsterinsights_sitenote_active":false,"_monsterinsights_sitenote_note":"","_monsterinsights_sitenote_category":0,"site-sidebar-layout":"default","site-content-layout":"","ast-site-content-layout":"default","site-content-style":"default","site-sidebar-style":"default","ast-global-header-display":"","ast-banner-title-visibility":"","ast-main-header-display":"","ast-hfb-above-header-display":"","ast-hfb-below-header-display":"","ast-hfb-mobile-header-display":"","site-post-title":"","ast-breadcrumbs-content":"","ast-featured-img":"","footer-sml-layout":"","ast-disable-related-posts":"","theme-transparent-header-meta":"","adv-header-id-meta":"","stick-header-meta":"","header-above-stick-meta":"","header-main-stick-meta":"","header-below-stick-meta":"","astra-migrate-meta-layouts":"default","ast-page-background-enabled":"default","ast-page-background-meta":{"desktop":{"background-color":"var(--ast-global-color-4)","background-image":"","background-repeat":"repeat","background-position":"center center","background-size":"auto","background-attachment":"scroll","background-type":"","background-media":"","overlay-type":"","overlay-color":"","overlay-opacity":"","overlay-gradient":""},"tablet":{"background-color":"","background-image":"","background-repeat":"repeat","background-position":"center center","background-size":"auto","background-attachment":"scroll","background-type":"","background-media":"","overlay-type":"","overlay-color":"","overlay-opacity":"","overlay-gradient":""},"mobile":{"background-color":"","background-image":"","background-repeat":"repeat","background-position":"center center","background-size":"auto","background-attachment":"scroll","background-type":"","background-media":"","overlay-type":"","overlay-color":"","overlay-opacity":"","overlay-gradient":""}},"ast-content-background-meta":{"desktop":{"background-color":"var(--ast-global-color-5)","background-image":"","background-repeat":"repeat","background-position":"center center","background-size":"auto","background-attachment":"scroll","background-type":"","background-media":"","overlay-type":"","overlay-color":"","overlay-opacity":"","overlay-gradient":""},"tablet":{"background-color":"var(--ast-global-color-5)","background-image":"","background-repeat":"repeat","background-position":"center center","background-size":"auto","background-attachment":"scroll","background-type":"","background-media":"","overlay-type":"","overlay-color":"","overlay-opacity":"","overlay-gradient":""},"mobile":{"background-color":"var(--ast-global-color-5)","background-image":"","background-repeat":"repeat","background-position":"center center","background-size":"auto","background-attachment":"scroll","background-type":"","background-media":"","overlay-type":"","overlay-color":"","overlay-opacity":"","overlay-gradient":""}},"jetpack_post_was_ever_published":false,"footnotes":""},"class_list":["post-15","page","type-page","status-publish","hentry"],"jetpack_sharing_enabled":true,"jetpack_shortlink":"https:\/\/wp.me\/P8cSoL-f","jetpack-related-posts":[],"_links":{"self":[{"href":"http:\/\/www.lafraternelle.info\/Site\/wp-json\/wp\/v2\/pages\/15","targetHints":{"allow":["GET"]}}],"collection":[{"href":"http:\/\/www.lafraternelle.info\/Site\/wp-json\/wp\/v2\/pages"}],"about":[{"href":"http:\/\/www.lafraternelle.info\/Site\/wp-json\/wp\/v2\/types\/page"}],"author":[{"embeddable":true,"href":"http:\/\/www.lafraternelle.info\/Site\/wp-json\/wp\/v2\/users\/1"}],"replies":[{"embeddable":true,"href":"http:\/\/www.lafraternelle.info\/Site\/wp-json\/wp\/v2\/comments?post=15"}],"version-history":[{"count":12,"href":"http:\/\/www.lafraternelle.info\/Site\/wp-json\/wp\/v2\/pages\/15\/revisions"}],"predecessor-version":[{"id":1373,"href":"http:\/\/www.lafraternelle.info\/Site\/wp-json\/wp\/v2\/pages\/15\/revisions\/1373"}],"wp:attachment":[{"href":"http:\/\/www.lafraternelle.info\/Site\/wp-json\/wp\/v2\/media?parent=15"}],"curies":[{"name":"wp","href":"https:\/\/api.w.org\/{rel}","templated":true}]}}