{"id":1230,"date":"2023-11-11T12:21:10","date_gmt":"2023-11-11T11:21:10","guid":{"rendered":"https:\/\/www.lafraternelle.info\/Site\/?page_id=1230"},"modified":"2025-02-17T13:17:20","modified_gmt":"2025-02-17T12:17:20","slug":"la-reciprocite","status":"publish","type":"page","link":"http:\/\/www.lafraternelle.info\/Site\/la-reciprocite\/","title":{"rendered":"La r\u00e9ciprocit\u00e9"},"content":{"rendered":"\t\t<div data-elementor-type=\"wp-page\" data-elementor-id=\"1230\" class=\"elementor elementor-1230\">\n\t\t\t\t<div class=\"elementor-element elementor-element-4d5c6e9 e-flex e-con-boxed e-con e-parent\" data-id=\"4d5c6e9\" data-element_type=\"container\" data-e-type=\"container\">\n\t\t\t\t\t<div class=\"e-con-inner\">\n\t\t\t\t<div class=\"elementor-element elementor-element-586885f elementor-widget elementor-widget-text-editor\" data-id=\"586885f\" data-element_type=\"widget\" data-e-type=\"widget\" data-widget_type=\"text-editor.default\">\n\t\t\t\t<div class=\"elementor-widget-container\">\n\t\t\t\t\t\t\t\t\t<p>Cette information est disponible sur le site de la f\u00e9d\u00e9ration.<br \/>Nous vous invitons \u00e0 consulter la version en ligne maintenue \u00e0 jour en suivant <a href=\"http:\/\/www.lafraternelle.info\/Site\/reciprocite.pdf\"><strong>ce lien.<\/strong><\/a><\/p>\t\t\t\t\t\t\t\t<\/div>\n\t\t\t\t<\/div>\n\t\t\t\t\t<\/div>\n\t\t\t\t<\/div>\n\t\t<div class=\"elementor-element elementor-element-d2467ef e-flex e-con-boxed e-con e-parent\" data-id=\"d2467ef\" data-element_type=\"container\" data-e-type=\"container\">\n\t\t\t\t\t<div class=\"e-con-inner\">\n\t\t\t\t<div class=\"elementor-element elementor-element-0ee1a85 elementor-widget elementor-widget-image\" data-id=\"0ee1a85\" data-element_type=\"widget\" data-e-type=\"widget\" data-widget_type=\"image.default\">\n\t\t\t\t<div class=\"elementor-widget-container\">\n\t\t\t\t\t\t\t\t\t\t\t\t\t\t\t<img fetchpriority=\"high\" decoding=\"async\" data-attachment-id=\"554\" data-permalink=\"http:\/\/www.lafraternelle.info\/Site\/recipro\/\" data-orig-file=\"https:\/\/i0.wp.com\/www.lafraternelle.info\/Site\/wp-content\/uploads\/2016\/12\/recipro.png?fit=394%2C397\" data-orig-size=\"394,397\" data-comments-opened=\"0\" data-image-meta=\"{&quot;aperture&quot;:&quot;0&quot;,&quot;credit&quot;:&quot;&quot;,&quot;camera&quot;:&quot;&quot;,&quot;caption&quot;:&quot;&quot;,&quot;created_timestamp&quot;:&quot;0&quot;,&quot;copyright&quot;:&quot;&quot;,&quot;focal_length&quot;:&quot;0&quot;,&quot;iso&quot;:&quot;0&quot;,&quot;shutter_speed&quot;:&quot;0&quot;,&quot;title&quot;:&quot;&quot;,&quot;orientation&quot;:&quot;0&quot;}\" data-image-title=\"recipro\" data-image-description=\"\" data-image-caption=\"\" data-large-file=\"https:\/\/i0.wp.com\/www.lafraternelle.info\/Site\/wp-content\/uploads\/2016\/12\/recipro.png?fit=394%2C397\" width=\"394\" height=\"397\" src=\"https:\/\/i0.wp.com\/www.lafraternelle.info\/Site\/wp-content\/uploads\/2016\/12\/recipro.png?fit=394%2C397\" class=\"attachment-large size-large wp-image-554\" alt=\"\" srcset=\"https:\/\/i0.wp.com\/www.lafraternelle.info\/Site\/wp-content\/uploads\/2016\/12\/recipro.png?w=394 394w, https:\/\/i0.wp.com\/www.lafraternelle.info\/Site\/wp-content\/uploads\/2016\/12\/recipro.png?resize=150%2C150 150w, https:\/\/i0.wp.com\/www.lafraternelle.info\/Site\/wp-content\/uploads\/2016\/12\/recipro.png?resize=298%2C300 298w\" sizes=\"(max-width: 394px) 100vw, 394px\" data-attachment-id=\"554\" data-permalink=\"http:\/\/www.lafraternelle.info\/Site\/recipro\/\" data-orig-file=\"https:\/\/i0.wp.com\/www.lafraternelle.info\/Site\/wp-content\/uploads\/2016\/12\/recipro.png?fit=394%2C397\" data-orig-size=\"394,397\" data-comments-opened=\"0\" data-image-meta=\"{&quot;aperture&quot;:&quot;0&quot;,&quot;credit&quot;:&quot;&quot;,&quot;camera&quot;:&quot;&quot;,&quot;caption&quot;:&quot;&quot;,&quot;created_timestamp&quot;:&quot;0&quot;,&quot;copyright&quot;:&quot;&quot;,&quot;focal_length&quot;:&quot;0&quot;,&quot;iso&quot;:&quot;0&quot;,&quot;shutter_speed&quot;:&quot;0&quot;,&quot;title&quot;:&quot;&quot;,&quot;orientation&quot;:&quot;0&quot;}\" data-image-title=\"recipro\" data-image-description=\"\" data-image-caption=\"\" data-large-file=\"https:\/\/i0.wp.com\/www.lafraternelle.info\/Site\/wp-content\/uploads\/2016\/12\/recipro.png?fit=394%2C397\" \/>\t\t\t\t\t\t\t\t\t\t\t\t\t\t\t<\/div>\n\t\t\t\t<\/div>\n\t\t\t\t\t<\/div>\n\t\t\t\t<\/div>\n\t\t<div class=\"elementor-element elementor-element-6f3bd29 e-flex e-con-boxed e-con e-parent\" data-id=\"6f3bd29\" data-element_type=\"container\" data-e-type=\"container\">\n\t\t\t\t\t<div class=\"e-con-inner\">\n\t\t\t\t<div class=\"elementor-element elementor-element-7c94064 elementor-widget elementor-widget-text-editor\" data-id=\"7c94064\" data-element_type=\"widget\" data-e-type=\"widget\" data-widget_type=\"text-editor.default\">\n\t\t\t\t<div class=\"elementor-widget-container\">\n\t\t\t\t\t\t\t\t\t<p><span data-olk-copy-source=\"MessageBody\">Le titulaire d&rsquo;une carte interf\u00e9d\u00e9ral URNE permet de p\u00eacher dans nos 8 \u00e9tangs du domaine priv\u00e9 dans le cadre de la r\u00e9ciprocit\u00e9.<\/span><br \/><span style=\"color: #ff0000;\"><strong>Le Lac du Mirgenbach, propri\u00e9t\u00e9 d&rsquo;EDF, n&rsquo;entre pas dans cette r\u00e9ciprocit\u00e9.<\/strong><\/span><br \/>Pour de plus amples informations contactez votre A.A.P.P.M.A. ou celle qui va vous accueillir.<br \/>Comportez vous en invit\u00e9 et faites preuve de courtoisie avec les p\u00eacheurs locaux. C\u2019est de votre comportement que d\u00e9pend la reconduction des accords de r\u00e9ciprocit\u00e9.<\/p>\t\t\t\t\t\t\t\t<\/div>\n\t\t\t\t<\/div>\n\t\t\t\t\t<\/div>\n\t\t\t\t<\/div>\n\t\t\t\t<\/div>\n\t\t","protected":false},"excerpt":{"rendered":"<p>Cette information est disponible sur le site de la f\u00e9d\u00e9ration.Nous vous invitons \u00e0 consulter la version en ligne maintenue \u00e0 jour en suivant ce lien. Le titulaire d&rsquo;une carte interf\u00e9d\u00e9ral URNE permet de p\u00eacher dans nos 8 \u00e9tangs du domaine priv\u00e9 dans le cadre de la r\u00e9ciprocit\u00e9.Le Lac du Mirgenbach, propri\u00e9t\u00e9 d&rsquo;EDF, n&rsquo;entre pas dans [&hellip;]<\/p>\n","protected":false},"author":1,"featured_media":0,"parent":0,"menu_order":0,"comment_status":"closed","ping_status":"closed","template":"","meta":{"_monsterinsights_skip_tracking":false,"_monsterinsights_sitenote_active":false,"_monsterinsights_sitenote_note":"","_monsterinsights_sitenote_category":0,"site-sidebar-layout":"default","site-content-layout":"","ast-site-content-layout":"default","site-content-style":"default","site-sidebar-style":"default","ast-global-header-display":"","ast-banner-title-visibility":"","ast-main-header-display":"","ast-hfb-above-header-display":"","ast-hfb-below-header-display":"","ast-hfb-mobile-header-display":"","site-post-title":"","ast-breadcrumbs-content":"","ast-featured-img":"","footer-sml-layout":"","ast-disable-related-posts":"","theme-transparent-header-meta":"","adv-header-id-meta":"","stick-header-meta":"","header-above-stick-meta":"","header-main-stick-meta":"","header-below-stick-meta":"","astra-migrate-meta-layouts":"default","ast-page-background-enabled":"default","ast-page-background-meta":{"desktop":{"background-color":"var(--ast-global-color-4)","background-image":"","background-repeat":"repeat","background-position":"center center","background-size":"auto","background-attachment":"scroll","background-type":"","background-media":"","overlay-type":"","overlay-color":"","overlay-opacity":"","overlay-gradient":""},"tablet":{"background-color":"","background-image":"","background-repeat":"repeat","background-position":"center center","background-size":"auto","background-attachment":"scroll","background-type":"","background-media":"","overlay-type":"","overlay-color":"","overlay-opacity":"","overlay-gradient":""},"mobile":{"background-color":"","background-image":"","background-repeat":"repeat","background-position":"center center","background-size":"auto","background-attachment":"scroll","background-type":"","background-media":"","overlay-type":"","overlay-color":"","overlay-opacity":"","overlay-gradient":""}},"ast-content-background-meta":{"desktop":{"background-color":"var(--ast-global-color-5)","background-image":"","background-repeat":"repeat","background-position":"center center","background-size":"auto","background-attachment":"scroll","background-type":"","background-media":"","overlay-type":"","overlay-color":"","overlay-opacity":"","overlay-gradient":""},"tablet":{"background-color":"var(--ast-global-color-5)","background-image":"","background-repeat":"repeat","background-position":"center center","background-size":"auto","background-attachment":"scroll","background-type":"","background-media":"","overlay-type":"","overlay-color":"","overlay-opacity":"","overlay-gradient":""},"mobile":{"background-color":"var(--ast-global-color-5)","background-image":"","background-repeat":"repeat","background-position":"center center","background-size":"auto","background-attachment":"scroll","background-type":"","background-media":"","overlay-type":"","overlay-color":"","overlay-opacity":"","overlay-gradient":""}},"jetpack_post_was_ever_published":false,"footnotes":""},"class_list":["post-1230","page","type-page","status-publish","hentry"],"jetpack_sharing_enabled":true,"jetpack_shortlink":"https:\/\/wp.me\/P8cSoL-jQ","jetpack-related-posts":[],"_links":{"self":[{"href":"http:\/\/www.lafraternelle.info\/Site\/wp-json\/wp\/v2\/pages\/1230","targetHints":{"allow":["GET"]}}],"collection":[{"href":"http:\/\/www.lafraternelle.info\/Site\/wp-json\/wp\/v2\/pages"}],"about":[{"href":"http:\/\/www.lafraternelle.info\/Site\/wp-json\/wp\/v2\/types\/page"}],"author":[{"embeddable":true,"href":"http:\/\/www.lafraternelle.info\/Site\/wp-json\/wp\/v2\/users\/1"}],"replies":[{"embeddable":true,"href":"http:\/\/www.lafraternelle.info\/Site\/wp-json\/wp\/v2\/comments?post=1230"}],"version-history":[{"count":10,"href":"http:\/\/www.lafraternelle.info\/Site\/wp-json\/wp\/v2\/pages\/1230\/revisions"}],"predecessor-version":[{"id":2292,"href":"http:\/\/www.lafraternelle.info\/Site\/wp-json\/wp\/v2\/pages\/1230\/revisions\/2292"}],"wp:attachment":[{"href":"http:\/\/www.lafraternelle.info\/Site\/wp-json\/wp\/v2\/media?parent=1230"}],"curies":[{"name":"wp","href":"https:\/\/api.w.org\/{rel}","templated":true}]}}